{"id":11874,"date":"2026-03-11T15:44:39","date_gmt":"2026-03-11T19:44:39","guid":{"rendered":"https:\/\/bibliolennoxvillelibrary.ca\/?page_id=11874"},"modified":"2026-03-25T16:10:16","modified_gmt":"2026-03-25T20:10:16","slug":"notre-equipe","status":"publish","type":"page","link":"https:\/\/bibliolennoxvillelibrary.ca\/fr\/notre-equipe\/","title":{"rendered":"NOTRE \u00c9QUIPE"},"content":{"rendered":"\n<pre class=\"wp-block-preformatted\"><h2 style=\"font-size: 40px;\" class=\"has-text-align-center\"><strong>Notre conseil d'administration<\/strong><\/h2><\/pre>\n\n\n\n<div style=\"height:20px\" aria-hidden=\"true\" class=\"wp-block-spacer\"><\/div>\n\n\n\n<div class=\"wp-block-group alignwide\"><div class=\"wp-block-group__inner-container\">\n<div class=\"wp-block-columns\">\n<div class=\"wp-block-column\">\n<figure class=\"wp-block-image size-large\"><img loading=\"lazy\" width=\"768\" height=\"1024\" src=\"https:\/\/bibliolennoxvillelibrary.ca\/wp-content\/uploads\/2025\/12\/Donna-2-768x1024.jpg\" alt=\"\" class=\"wp-image-11590\" srcset=\"https:\/\/bibliolennoxvillelibrary.ca\/wp-content\/uploads\/2025\/12\/Donna-2-768x1024.jpg 768w, https:\/\/bibliolennoxvillelibrary.ca\/wp-content\/uploads\/2025\/12\/Donna-2-225x300.jpg 225w, https:\/\/bibliolennoxvillelibrary.ca\/wp-content\/uploads\/2025\/12\/Donna-2-1152x1536.jpg 1152w, https:\/\/bibliolennoxvillelibrary.ca\/wp-content\/uploads\/2025\/12\/Donna-2-624x832.jpg 624w, https:\/\/bibliolennoxvillelibrary.ca\/wp-content\/uploads\/2025\/12\/Donna-2.jpg 1512w\" sizes=\"(max-width: 768px) 100vw, 768px\" \/><\/figure>\n\n\n\n<h2 class=\"has-text-align-center\"><strong><span style=\"color:#000080\" class=\"has-inline-color\">Donna Berwick<\/span><\/strong><\/h2>\n\n\n\n<p>Originaire de Sherbrooke, avec des racines remontant aux ann\u00e9es 1830, Donna \u00e9tait la g\u00e9rante de la librairie anglophone du Carrefour de l\u2019Estrie pendant 20 ans. Elle si\u00e8ge au conseil et au comit\u00e9 de s\u00e9lection des livres en anglais et pr\u00e9pare tous les nouveaux livres avant qu\u2019ils ne soient mis en rayon. Son endroit de lecture pr\u00e9f\u00e9r\u00e9 est le caf\u00e9 Refuge le Ch\u00e2teau, un caf\u00e9 \u00e0 la main.<\/p>\n<\/div>\n\n\n\n<div class=\"wp-block-column\">\n<figure class=\"wp-block-image size-large\"><img loading=\"lazy\" width=\"768\" height=\"1024\" src=\"https:\/\/bibliolennoxvillelibrary.ca\/wp-content\/uploads\/2026\/03\/Untitled-design-2-768x1024.png\" alt=\"\" class=\"wp-image-11892\" srcset=\"https:\/\/bibliolennoxvillelibrary.ca\/wp-content\/uploads\/2026\/03\/Untitled-design-2-768x1024.png 768w, https:\/\/bibliolennoxvillelibrary.ca\/wp-content\/uploads\/2026\/03\/Untitled-design-2-225x300.png 225w, https:\/\/bibliolennoxvillelibrary.ca\/wp-content\/uploads\/2026\/03\/Untitled-design-2-1152x1536.png 1152w, https:\/\/bibliolennoxvillelibrary.ca\/wp-content\/uploads\/2026\/03\/Untitled-design-2-1536x2048.png 1536w, https:\/\/bibliolennoxvillelibrary.ca\/wp-content\/uploads\/2026\/03\/Untitled-design-2-624x832.png 624w, https:\/\/bibliolennoxvillelibrary.ca\/wp-content\/uploads\/2026\/03\/Untitled-design-2.png 1836w\" sizes=\"(max-width: 768px) 100vw, 768px\" \/><\/figure>\n\n\n\n<h2 class=\"has-text-align-center\"><strong><span style=\"color:#000080\" class=\"has-inline-color\"><strong>Ir\u00e8ne Carbonneau<\/strong><\/span><\/strong><\/h2>\n\n\n\n<p class=\"has-text-align-left\">B\u00e9n\u00e9vole et membre du conseil d\u2019administration depuis plusieurs ann\u00e9es, Ir\u00e8ne appr\u00e9cie le travail en solitaire avec les livres. Pour elle, chaque ouvrage a sa place, son histoire et un auteur qui y a mis beaucoup d\u2019efforts.<\/p>\n<\/div>\n\n\n\n<div class=\"wp-block-column\">\n<figure class=\"wp-block-image size-large\"><img loading=\"lazy\" width=\"768\" height=\"1024\" src=\"https:\/\/bibliolennoxvillelibrary.ca\/wp-content\/uploads\/2025\/12\/Ron-1-768x1024.jpg\" alt=\"\" class=\"wp-image-11634\" srcset=\"https:\/\/bibliolennoxvillelibrary.ca\/wp-content\/uploads\/2025\/12\/Ron-1-768x1024.jpg 768w, https:\/\/bibliolennoxvillelibrary.ca\/wp-content\/uploads\/2025\/12\/Ron-1-225x300.jpg 225w, https:\/\/bibliolennoxvillelibrary.ca\/wp-content\/uploads\/2025\/12\/Ron-1-1152x1536.jpg 1152w, https:\/\/bibliolennoxvillelibrary.ca\/wp-content\/uploads\/2025\/12\/Ron-1-624x832.jpg 624w, https:\/\/bibliolennoxvillelibrary.ca\/wp-content\/uploads\/2025\/12\/Ron-1.jpg 1512w\" sizes=\"(max-width: 768px) 100vw, 768px\" \/><\/figure>\n\n\n\n<h2 class=\"has-text-align-center\"><strong><span style=\"color:#000080\" class=\"has-inline-color\">Ron Coughlin<\/span><\/strong><\/h2>\n\n\n\n<h3 class=\"has-text-align-center\"><em>Tr\u00e9sorier<\/em><\/h3>\n\n\n\n<p class=\"has-text-align-left\">Ron est un ministre retrait\u00e9 de l\u2019\u00c9glise Unie qui aime raconter les histoires bibliques par c\u0153ur, nager, jardiner et collectionner les timbres canadiens. Il a d\u00e9m\u00e9nag\u00e9 \u00e0 Lennoxville en 2021 avec son partenaire et vit maintenant \u00e0 Huntingville. Il est tr\u00e9sorier au conseil d\u2019administration de la biblioth\u00e8que.<\/p>\n<\/div>\n<\/div>\n\n\n\n<div style=\"height:20px\" aria-hidden=\"true\" class=\"wp-block-spacer\"><\/div>\n\n\n\n<div class=\"wp-block-columns\">\n<div class=\"wp-block-column\">\n<figure class=\"wp-block-image size-large\"><img loading=\"lazy\" width=\"768\" height=\"1024\" src=\"https:\/\/bibliolennoxvillelibrary.ca\/wp-content\/uploads\/2025\/12\/Marjorie-2-768x1024.png\" alt=\"\" class=\"wp-image-11637\" srcset=\"https:\/\/bibliolennoxvillelibrary.ca\/wp-content\/uploads\/2025\/12\/Marjorie-2-768x1024.png 768w, https:\/\/bibliolennoxvillelibrary.ca\/wp-content\/uploads\/2025\/12\/Marjorie-2-225x300.png 225w, https:\/\/bibliolennoxvillelibrary.ca\/wp-content\/uploads\/2025\/12\/Marjorie-2-1152x1536.png 1152w, https:\/\/bibliolennoxvillelibrary.ca\/wp-content\/uploads\/2025\/12\/Marjorie-2-624x832.png 624w, https:\/\/bibliolennoxvillelibrary.ca\/wp-content\/uploads\/2025\/12\/Marjorie-2.png 1512w\" sizes=\"(max-width: 768px) 100vw, 768px\" \/><\/figure>\n\n\n\n<h2 class=\"has-text-align-center\"><strong><span style=\"color:#000080\" class=\"has-inline-color\">Marjorie D\u00e9sormeaux-Moreau<\/span><\/strong><\/h2>\n\n\n\n<p>Maman passionn\u00e9e de lecture, Marjorie est ergoth\u00e9rapeute et professeur\u00b7e d\u2019universit\u00e9 et s\u2019int\u00e9resse aux perspectives critiques du handicap et de l\u2019autisme. La for\u00eat et les biblioth\u00e8ques sont, de loin, ses lieux favoris sur Terre. Membre du conseil d\u2019administration, Marjorie contribue aux activit\u00e9s pour enfants et aux r\u00e9flexions sur la mission de la biblioth\u00e8que, en accordant une grande importance \u00e0 la diversit\u00e9 des r\u00e9alit\u00e9s repr\u00e9sent\u00e9es dans le catalogue.<\/p>\n<\/div>\n\n\n\n<div class=\"wp-block-column\">\n<figure class=\"wp-block-image size-large\"><img loading=\"lazy\" width=\"760\" height=\"1024\" src=\"https:\/\/bibliolennoxvillelibrary.ca\/wp-content\/uploads\/2025\/12\/Cynthia-3-760x1024.jpg\" alt=\"\" class=\"wp-image-11600\" srcset=\"https:\/\/bibliolennoxvillelibrary.ca\/wp-content\/uploads\/2025\/12\/Cynthia-3-760x1024.jpg 760w, https:\/\/bibliolennoxvillelibrary.ca\/wp-content\/uploads\/2025\/12\/Cynthia-3-223x300.jpg 223w, https:\/\/bibliolennoxvillelibrary.ca\/wp-content\/uploads\/2025\/12\/Cynthia-3-768x1034.jpg 768w, https:\/\/bibliolennoxvillelibrary.ca\/wp-content\/uploads\/2025\/12\/Cynthia-3-1140x1536.jpg 1140w, https:\/\/bibliolennoxvillelibrary.ca\/wp-content\/uploads\/2025\/12\/Cynthia-3-624x840.jpg 624w, https:\/\/bibliolennoxvillelibrary.ca\/wp-content\/uploads\/2025\/12\/Cynthia-3.jpg 1404w\" sizes=\"(max-width: 760px) 100vw, 760px\" \/><\/figure>\n\n\n\n<h2 class=\"has-text-align-center\"><span style=\"color:#000080\" class=\"has-inline-color\"><strong>Cynthia Fouquette<\/strong><\/span><\/h2>\n\n\n\n<p>Enseignante au primaire passionn\u00e9e de litt\u00e9rature jeunesse, Cynthia s\u2019implique au conseil d\u2019administration depuis plusieurs ann\u00e9es. Elle a contribu\u00e9 au projet de l\u2019Espace Biblio, qui permet de rejoindre les jeunes et la communaut\u00e9 dans des lieux ancr\u00e9s dans la vie de quartier. Pour elle, la biblioth\u00e8que est un tiers-lieu essentiel favorisant les liens sociaux, la participation et l\u2019ouverture \u00e0 l\u2019autre.<\/p>\n<\/div>\n\n\n\n<div class=\"wp-block-column\">\n<figure class=\"wp-block-image size-large\"><img loading=\"lazy\" width=\"768\" height=\"1024\" src=\"https:\/\/bibliolennoxvillelibrary.ca\/wp-content\/uploads\/2025\/12\/Edith-1-768x1024.jpg\" alt=\"\" class=\"wp-image-11592\" srcset=\"https:\/\/bibliolennoxvillelibrary.ca\/wp-content\/uploads\/2025\/12\/Edith-1-768x1024.jpg 768w, https:\/\/bibliolennoxvillelibrary.ca\/wp-content\/uploads\/2025\/12\/Edith-1-225x300.jpg 225w, https:\/\/bibliolennoxvillelibrary.ca\/wp-content\/uploads\/2025\/12\/Edith-1-1152x1536.jpg 1152w, https:\/\/bibliolennoxvillelibrary.ca\/wp-content\/uploads\/2025\/12\/Edith-1-624x832.jpg 624w, https:\/\/bibliolennoxvillelibrary.ca\/wp-content\/uploads\/2025\/12\/Edith-1.jpg 1512w\" sizes=\"(max-width: 768px) 100vw, 768px\" \/><\/figure>\n\n\n\n<h2 class=\"has-text-align-center\"><strong><span style=\"color:#000080\" class=\"has-inline-color\">\u00c9dith Guilhermont<\/span><\/strong><\/h2>\n\n\n\n<h3 class=\"has-text-align-center\"><em>Vice-pr\u00e9sidente<\/em><\/h3>\n\n\n\n<p>Originaire du sud de la France, \u00c9dith habite \u00e0 Lennoxville depuis 2008. Elle est enseignante-chercheure en droit \u00e0 l\u2019Universit\u00e9 de Sherbrooke et s\u2019implique au conseil d\u2019administration depuis 2020, d\u2019abord comme secr\u00e9taire, puis aujourd\u2019hui comme vice-pr\u00e9sidente.<\/p>\n<\/div>\n<\/div>\n\n\n\n<div style=\"height:20px\" aria-hidden=\"true\" class=\"wp-block-spacer\"><\/div>\n\n\n\n<div class=\"wp-block-columns\">\n<div class=\"wp-block-column\">\n<figure class=\"wp-block-image size-large\"><img loading=\"lazy\" width=\"768\" height=\"1024\" src=\"https:\/\/bibliolennoxvillelibrary.ca\/wp-content\/uploads\/2025\/12\/Jean-Francois-1-768x1024.jpg\" alt=\"\" class=\"wp-image-11622\" srcset=\"https:\/\/bibliolennoxvillelibrary.ca\/wp-content\/uploads\/2025\/12\/Jean-Francois-1-768x1024.jpg 768w, https:\/\/bibliolennoxvillelibrary.ca\/wp-content\/uploads\/2025\/12\/Jean-Francois-1-225x300.jpg 225w, https:\/\/bibliolennoxvillelibrary.ca\/wp-content\/uploads\/2025\/12\/Jean-Francois-1-624x832.jpg 624w, https:\/\/bibliolennoxvillelibrary.ca\/wp-content\/uploads\/2025\/12\/Jean-Francois-1.jpg 960w\" sizes=\"(max-width: 768px) 100vw, 768px\" \/><\/figure>\n\n\n\n<h2 class=\"has-text-align-center\"><strong><span style=\"color:#000080\" class=\"has-inline-color\">Jean-Fran\u00e7ois Hamel<\/span><\/strong><\/h2>\n\n\n\n<p class=\"has-text-align-left\">P\u00e8re de trois enfants, Jean-Fran\u00e7ois est un ardent d\u00e9fenseur du r\u00f4le et des bienfaits de la culture dans la soci\u00e9t\u00e9. Soucieux de soutenir sa communaut\u00e9 locale, il s\u2019est naturellement engag\u00e9 au conseil d\u2019administration.<\/p>\n<\/div>\n\n\n\n<div class=\"wp-block-column\">\n<figure class=\"wp-block-image size-large\"><img loading=\"lazy\" width=\"768\" height=\"1024\" src=\"https:\/\/bibliolennoxvillelibrary.ca\/wp-content\/uploads\/2025\/12\/Judy-768x1024.jpg\" alt=\"\" class=\"wp-image-11626\" srcset=\"https:\/\/bibliolennoxvillelibrary.ca\/wp-content\/uploads\/2025\/12\/Judy-768x1024.jpg 768w, https:\/\/bibliolennoxvillelibrary.ca\/wp-content\/uploads\/2025\/12\/Judy-225x300.jpg 225w, https:\/\/bibliolennoxvillelibrary.ca\/wp-content\/uploads\/2025\/12\/Judy-1152x1536.jpg 1152w, https:\/\/bibliolennoxvillelibrary.ca\/wp-content\/uploads\/2025\/12\/Judy-624x832.jpg 624w, https:\/\/bibliolennoxvillelibrary.ca\/wp-content\/uploads\/2025\/12\/Judy.jpg 1512w\" sizes=\"(max-width: 768px) 100vw, 768px\" \/><\/figure>\n\n\n\n<h2 class=\"has-text-align-center\"><strong><span style=\"color:#000080\" class=\"has-inline-color\">Judy Keenan<\/span><\/strong><\/h2>\n\n\n\n<p class=\"has-text-align-left\">Grande lectrice, avec un int\u00e9r\u00eat particulier pour la litt\u00e9rature jeunesse, Judy si\u00e8ge au conseil d\u2019administration de la biblioth\u00e8que depuis plusieurs ann\u00e9es. Elle s\u00e9lectionne les livres jeunesse en anglais, contribue \u00e0 l\u2019organisation des populaires ventes de livres, participe \u00e0 Canada Reads et s\u2019implique dans divers comit\u00e9s. R\u00e9sidente de longue date des Cantons-de-l\u2019Est, elle est aussi engag\u00e9e aupr\u00e8s d\u2019Uplands et de groupes artistiques communautaires.<\/p>\n<\/div>\n\n\n\n<div class=\"wp-block-column\">\n<figure class=\"wp-block-image size-large\"><img loading=\"lazy\" width=\"768\" height=\"1024\" src=\"https:\/\/bibliolennoxvillelibrary.ca\/wp-content\/uploads\/2026\/03\/Janice-768-x-1024-px-1.png\" alt=\"\" class=\"wp-image-11960\" srcset=\"https:\/\/bibliolennoxvillelibrary.ca\/wp-content\/uploads\/2026\/03\/Janice-768-x-1024-px-1.png 768w, https:\/\/bibliolennoxvillelibrary.ca\/wp-content\/uploads\/2026\/03\/Janice-768-x-1024-px-1-225x300.png 225w, https:\/\/bibliolennoxvillelibrary.ca\/wp-content\/uploads\/2026\/03\/Janice-768-x-1024-px-1-624x832.png 624w\" sizes=\"(max-width: 768px) 100vw, 768px\" \/><\/figure>\n\n\n\n<h2 class=\"has-text-align-center\"><strong><span style=\"color:#000080\" class=\"has-inline-color\">Janice Lavall\u00e9e<\/span><\/strong><\/h2>\n\n\n\n<p class=\"has-text-align-left\">Janice a pass\u00e9 la majeure partie de sa carri\u00e8re dans les communications : journalisme, traduction et r\u00e9daction. Le b\u00e9n\u00e9volat est sa fa\u00e7on de contribuer \u00e0 la communaut\u00e9 et de rencontrer de nouvelles personnes. Elle a travaill\u00e9 pour plusieurs \u00e9v\u00e9nements communautaires et corporatifs \u00e0 Sherbrooke et \u00e0 Montr\u00e9al.<\/p>\n<\/div>\n<\/div>\n\n\n\n<div style=\"height:20px\" aria-hidden=\"true\" class=\"wp-block-spacer\"><\/div>\n\n\n\n<div class=\"wp-block-columns\">\n<div class=\"wp-block-column\">\n<figure class=\"wp-block-image size-large\"><img loading=\"lazy\" width=\"768\" height=\"1024\" src=\"https:\/\/bibliolennoxvillelibrary.ca\/wp-content\/uploads\/2025\/12\/Jody-768x1024.jpg\" alt=\"\" class=\"wp-image-11624\" srcset=\"https:\/\/bibliolennoxvillelibrary.ca\/wp-content\/uploads\/2025\/12\/Jody-768x1024.jpg 768w, https:\/\/bibliolennoxvillelibrary.ca\/wp-content\/uploads\/2025\/12\/Jody-225x300.jpg 225w, https:\/\/bibliolennoxvillelibrary.ca\/wp-content\/uploads\/2025\/12\/Jody-1152x1536.jpg 1152w, https:\/\/bibliolennoxvillelibrary.ca\/wp-content\/uploads\/2025\/12\/Jody-624x832.jpg 624w, https:\/\/bibliolennoxvillelibrary.ca\/wp-content\/uploads\/2025\/12\/Jody.jpg 1512w\" sizes=\"(max-width: 768px) 100vw, 768px\" \/><\/figure>\n\n\n\n<h2 class=\"has-text-align-center\"><strong><span style=\"color:#000080\" class=\"has-inline-color\">Jody Robinson<\/span><\/strong><\/h2>\n\n\n\n<h3 class=\"has-text-align-center\"><em>Secr\u00e9taire<\/em><\/h3>\n\n\n\n<p class=\"has-text-align-left\">Passionn\u00e9e d\u2019histoire, Jody travaille dans les archives des Cantons-de-l\u2019Est depuis pr\u00e8s de 20 ans. Lorsqu\u2019elle ne lit pas de vieilles lettres ou n\u2019examine pas de photos anciennes, elle fait du b\u00e9n\u00e9volat pour diverses organisations communautaires, dont la biblioth\u00e8que.<\/p>\n<\/div>\n\n\n\n<div class=\"wp-block-column\">\n<figure class=\"wp-block-image size-large\"><img loading=\"lazy\" width=\"768\" height=\"1024\" src=\"https:\/\/bibliolennoxvillelibrary.ca\/wp-content\/uploads\/2025\/12\/Heather-768x1024.jpg\" alt=\"\" class=\"wp-image-11584\" srcset=\"https:\/\/bibliolennoxvillelibrary.ca\/wp-content\/uploads\/2025\/12\/Heather-768x1024.jpg 768w, https:\/\/bibliolennoxvillelibrary.ca\/wp-content\/uploads\/2025\/12\/Heather-225x300.jpg 225w, https:\/\/bibliolennoxvillelibrary.ca\/wp-content\/uploads\/2025\/12\/Heather-1152x1536.jpg 1152w, https:\/\/bibliolennoxvillelibrary.ca\/wp-content\/uploads\/2025\/12\/Heather-624x832.jpg 624w, https:\/\/bibliolennoxvillelibrary.ca\/wp-content\/uploads\/2025\/12\/Heather.jpg 1512w\" sizes=\"(max-width: 768px) 100vw, 768px\" \/><\/figure>\n\n\n\n<h2 class=\"has-text-align-center\"><strong><span style=\"color:#000080\" class=\"has-inline-color\">Heather Thomson<\/span><\/strong><\/h2>\n\n\n\n<h3 class=\"has-text-align-center\"><em>Pr\u00e9sidente<\/em><\/h3>\n\n\n\n<p class=\"has-text-align-left\">Ayant grandi \u00e0 Sherbrooke, Heather a travaill\u00e9 dans les services pastoraux \u00e0 l\u2019Alexander Galt Regional High School, \u00e0 l\u2019Universit\u00e9 Bishop\u2019s et au Coll\u00e8ge r\u00e9gional Champlain. Maintenant retrait\u00e9e, elle est pr\u00e9sidente du conseil et pr\u00e9side \u00e9galement le conseil de Sant\u00e9 mentale Estrie. Ces engagements, ainsi que sa famille dans la r\u00e9gion, la gardent active dans la communaut\u00e9.<\/p>\n<\/div>\n\n\n\n<div class=\"wp-block-column\"><\/div>\n<\/div>\n\n\n\n<h2 style=\"font-size: 40px;\" class=\"has-text-align-center\"><strong>Notre \u00e9quipe<\/strong><\/h2>\n\n\n\n<div style=\"height:20px\" aria-hidden=\"true\" class=\"wp-block-spacer\"><\/div>\n<\/div><\/div>\n\n\n\n<div class=\"wp-block-columns\">\n<div class=\"wp-block-column\">\n<figure class=\"wp-block-image size-large\"><img loading=\"lazy\" width=\"768\" height=\"1024\" src=\"https:\/\/bibliolennoxvillelibrary.ca\/wp-content\/uploads\/2026\/03\/Untitled-design-5-768x1024.png\" alt=\"\" class=\"wp-image-11898\" srcset=\"https:\/\/bibliolennoxvillelibrary.ca\/wp-content\/uploads\/2026\/03\/Untitled-design-5-768x1024.png 768w, https:\/\/bibliolennoxvillelibrary.ca\/wp-content\/uploads\/2026\/03\/Untitled-design-5-225x300.png 225w, https:\/\/bibliolennoxvillelibrary.ca\/wp-content\/uploads\/2026\/03\/Untitled-design-5-1152x1536.png 1152w, https:\/\/bibliolennoxvillelibrary.ca\/wp-content\/uploads\/2026\/03\/Untitled-design-5-1536x2048.png 1536w, https:\/\/bibliolennoxvillelibrary.ca\/wp-content\/uploads\/2026\/03\/Untitled-design-5-624x832.png 624w\" sizes=\"(max-width: 768px) 100vw, 768px\" \/><\/figure>\n\n\n\n<h2 class=\"has-text-align-center\"><span style=\"color:#000080\" class=\"has-inline-color\"><strong>Marie B\u00e9langer<\/strong><\/span><\/h2>\n\n\n\n<h3 class=\"has-text-align-center\"><em>Assistante aux services \u00e0 la jeunesse<\/em><\/h3>\n\n\n\n<p><\/p>\n<\/div>\n\n\n\n<div class=\"wp-block-column\">\n<figure class=\"wp-block-image size-large\"><img loading=\"lazy\" width=\"768\" height=\"1024\" src=\"https:\/\/bibliolennoxvillelibrary.ca\/wp-content\/uploads\/2026\/01\/IMG_3878-768x1024.jpg\" alt=\"\" class=\"wp-image-11672\" srcset=\"https:\/\/bibliolennoxvillelibrary.ca\/wp-content\/uploads\/2026\/01\/IMG_3878-768x1024.jpg 768w, https:\/\/bibliolennoxvillelibrary.ca\/wp-content\/uploads\/2026\/01\/IMG_3878-225x300.jpg 225w, https:\/\/bibliolennoxvillelibrary.ca\/wp-content\/uploads\/2026\/01\/IMG_3878-1152x1536.jpg 1152w, https:\/\/bibliolennoxvillelibrary.ca\/wp-content\/uploads\/2026\/01\/IMG_3878-624x832.jpg 624w, https:\/\/bibliolennoxvillelibrary.ca\/wp-content\/uploads\/2026\/01\/IMG_3878.jpg 1512w\" sizes=\"(max-width: 768px) 100vw, 768px\" \/><\/figure>\n\n\n\n<h2 class=\"has-text-align-center\"><span style=\"color:#000080\" class=\"has-inline-color\"><strong>Christian Collins <\/strong><\/span><\/h2>\n\n\n\n<h3 class=\"has-text-align-center\"><em>Coordinnateur<\/em><\/h3>\n\n\n\n<p><\/p>\n<\/div>\n\n\n\n<div class=\"wp-block-column\">\n<figure class=\"wp-block-image size-large\"><img loading=\"lazy\" width=\"768\" height=\"1024\" src=\"https:\/\/bibliolennoxvillelibrary.ca\/wp-content\/uploads\/2026\/03\/Untitled-design-4-768x1024.png\" alt=\"\" class=\"wp-image-11896\" srcset=\"https:\/\/bibliolennoxvillelibrary.ca\/wp-content\/uploads\/2026\/03\/Untitled-design-4-768x1024.png 768w, https:\/\/bibliolennoxvillelibrary.ca\/wp-content\/uploads\/2026\/03\/Untitled-design-4-225x300.png 225w, https:\/\/bibliolennoxvillelibrary.ca\/wp-content\/uploads\/2026\/03\/Untitled-design-4-1152x1536.png 1152w, https:\/\/bibliolennoxvillelibrary.ca\/wp-content\/uploads\/2026\/03\/Untitled-design-4-1536x2048.png 1536w, https:\/\/bibliolennoxvillelibrary.ca\/wp-content\/uploads\/2026\/03\/Untitled-design-4-624x832.png 624w, https:\/\/bibliolennoxvillelibrary.ca\/wp-content\/uploads\/2026\/03\/Untitled-design-4.png 1836w\" sizes=\"(max-width: 768px) 100vw, 768px\" \/><\/figure>\n\n\n\n<h2 class=\"has-text-align-center\"><span style=\"color:#000080\" class=\"has-inline-color\"><strong>F\u00e9lix Harbour<\/strong><\/span><\/h2>\n\n\n\n<h3 class=\"has-text-align-center\"><em>Technicien<\/em><\/h3>\n\n\n\n<p><\/p>\n<\/div>\n<\/div>\n\n\n\n<div style=\"height:20px\" aria-hidden=\"true\" class=\"wp-block-spacer\"><\/div>\n\n\n\n<div class=\"wp-block-columns\">\n<div class=\"wp-block-column\">\n<figure class=\"wp-block-image size-large\"><img loading=\"lazy\" width=\"768\" height=\"1024\" src=\"https:\/\/bibliolennoxvillelibrary.ca\/wp-content\/uploads\/2026\/03\/Untitled-design-6-768x1024.png\" alt=\"\" class=\"wp-image-11900\" srcset=\"https:\/\/bibliolennoxvillelibrary.ca\/wp-content\/uploads\/2026\/03\/Untitled-design-6-768x1024.png 768w, https:\/\/bibliolennoxvillelibrary.ca\/wp-content\/uploads\/2026\/03\/Untitled-design-6-225x300.png 225w, https:\/\/bibliolennoxvillelibrary.ca\/wp-content\/uploads\/2026\/03\/Untitled-design-6-1152x1536.png 1152w, https:\/\/bibliolennoxvillelibrary.ca\/wp-content\/uploads\/2026\/03\/Untitled-design-6-1536x2048.png 1536w, https:\/\/bibliolennoxvillelibrary.ca\/wp-content\/uploads\/2026\/03\/Untitled-design-6-624x832.png 624w\" sizes=\"(max-width: 768px) 100vw, 768px\" \/><\/figure>\n\n\n\n<h2 class=\"has-text-align-center\"><span style=\"color:#000080\" class=\"has-inline-color\"><strong>Saul Ouellet<\/strong><\/span><\/h2>\n\n\n\n<h3 class=\"has-text-align-center\"><em>Commis de biblioth\u00e8que<\/em><\/h3>\n\n\n\n<p><\/p>\n<\/div>\n\n\n\n<div class=\"wp-block-column\"><\/div>\n\n\n\n<div class=\"wp-block-column\"><\/div>\n<\/div>\n\n\n\n<div style=\"height:20px\" aria-hidden=\"true\" class=\"wp-block-spacer\"><\/div>\n","protected":false},"excerpt":{"rendered":"<p>Notre conseil d&rsquo;administration Marie B\u00e9langer Assistante aux services \u00e0 la jeunesse Christian Collins Coordinnateur F\u00e9lix Harbour Technicien Saul Ouellet Commis de biblioth\u00e8que<\/p>\n","protected":false},"author":2,"featured_media":0,"parent":0,"menu_order":0,"comment_status":"closed","ping_status":"closed","template":"","meta":[],"_links":{"self":[{"href":"https:\/\/bibliolennoxvillelibrary.ca\/fr\/wp-json\/wp\/v2\/pages\/11874"}],"collection":[{"href":"https:\/\/bibliolennoxvillelibrary.ca\/fr\/wp-json\/wp\/v2\/pages"}],"about":[{"href":"https:\/\/bibliolennoxvillelibrary.ca\/fr\/wp-json\/wp\/v2\/types\/page"}],"author":[{"embeddable":true,"href":"https:\/\/bibliolennoxvillelibrary.ca\/fr\/wp-json\/wp\/v2\/users\/2"}],"replies":[{"embeddable":true,"href":"https:\/\/bibliolennoxvillelibrary.ca\/fr\/wp-json\/wp\/v2\/comments?post=11874"}],"version-history":[{"count":10,"href":"https:\/\/bibliolennoxvillelibrary.ca\/fr\/wp-json\/wp\/v2\/pages\/11874\/revisions"}],"predecessor-version":[{"id":11962,"href":"https:\/\/bibliolennoxvillelibrary.ca\/fr\/wp-json\/wp\/v2\/pages\/11874\/revisions\/11962"}],"wp:attachment":[{"href":"https:\/\/bibliolennoxvillelibrary.ca\/fr\/wp-json\/wp\/v2\/media?parent=11874"}],"curies":[{"name":"wp","href":"https:\/\/api.w.org\/{rel}","templated":true}]}}