{"id":14,"date":"2014-06-05T13:09:58","date_gmt":"2014-06-05T17:09:58","guid":{"rendered":"http:\/\/www.lennox.dev-mmm.com\/?page_id=14"},"modified":"2026-01-16T14:51:12","modified_gmt":"2026-01-16T19:51:12","slug":"accueil","status":"publish","type":"page","link":"https:\/\/bibliolennoxvillelibrary.ca\/fr\/","title":{"rendered":""},"content":{"rendered":"\n<hr class=\"wp-block-separator\"\/>\n\n\n\n<h2><a href=\"http:\/\/eepurl.com\/dz9Xez\">Cliquez ici pour vous abonner \u00e0 notre infolettre mensuelle pour rester inform\u00e9s au sujet des activit\u00e9s de la biblioth\u00e8que<\/a><\/h2>\n\n\n\n<h2><\/h2>\n\n\n\n<div class=\"wp-block-image\"><figure class=\"alignleft\"><a href=\"https:\/\/www.zeffy.com\/fr-CA\/ticketing\/bibliotheque-lennoxville-library-supporting-membership\"><img src=\"https:\/\/www.canadahelps.org\/secure\/img\/Donate1_fr.png\" alt=\"Faites un don maintenant par l'entremise de CanaDon.org!\"\/><\/a><\/figure><\/div>\n\n\n\n<h3><strong><em><span class=\"has-inline-color has-vivid-cyan-blue-color\">La Biblioth\u00e8que Lennoxville Library est un organisme \u00e0 but non lucratif qui d\u00e9pend du soutien financier de sa&nbsp;communaut\u00e9.<br>Appuyez notre mission.&nbsp;<\/span><\/em><\/strong><\/h3>\n","protected":false},"excerpt":{"rendered":"<p>Cliquez ici pour vous abonner \u00e0 notre infolettre mensuelle pour rester inform\u00e9s au sujet des activit\u00e9s de la biblioth\u00e8que La Biblioth\u00e8que Lennoxville Library est un organisme \u00e0 but non lucratif qui d\u00e9pend du soutien financier de sa&nbsp;communaut\u00e9.Appuyez notre mission.&nbsp;<\/p>\n","protected":false},"author":2,"featured_media":1038,"parent":121,"menu_order":0,"comment_status":"open","ping_status":"closed","template":"templates\/home.php","meta":[],"_links":{"self":[{"href":"https:\/\/bibliolennoxvillelibrary.ca\/fr\/wp-json\/wp\/v2\/pages\/14"}],"collection":[{"href":"https:\/\/bibliolennoxvillelibrary.ca\/fr\/wp-json\/wp\/v2\/pages"}],"about":[{"href":"https:\/\/bibliolennoxvillelibrary.ca\/fr\/wp-json\/wp\/v2\/types\/page"}],"author":[{"embeddable":true,"href":"https:\/\/bibliolennoxvillelibrary.ca\/fr\/wp-json\/wp\/v2\/users\/2"}],"replies":[{"embeddable":true,"href":"https:\/\/bibliolennoxvillelibrary.ca\/fr\/wp-json\/wp\/v2\/comments?post=14"}],"version-history":[{"count":241,"href":"https:\/\/bibliolennoxvillelibrary.ca\/fr\/wp-json\/wp\/v2\/pages\/14\/revisions"}],"predecessor-version":[{"id":12029,"href":"https:\/\/bibliolennoxvillelibrary.ca\/fr\/wp-json\/wp\/v2\/pages\/14\/revisions\/12029"}],"up":[{"embeddable":true,"href":"https:\/\/bibliolennoxvillelibrary.ca\/fr\/wp-json\/wp\/v2\/pages\/121"}],"wp:featuredmedia":[{"embeddable":true,"href":"https:\/\/bibliolennoxvillelibrary.ca\/fr\/wp-json\/wp\/v2\/media\/1038"}],"wp:attachment":[{"href":"https:\/\/bibliolennoxvillelibrary.ca\/fr\/wp-json\/wp\/v2\/media?parent=14"}],"curies":[{"name":"wp","href":"https:\/\/api.w.org\/{rel}","templated":true}]}}