{"id":1956,"date":"2019-09-04T15:06:54","date_gmt":"2019-09-04T19:06:54","guid":{"rendered":"http:\/\/new.bibliolennoxvillelibrary.ca\/?page_id=1956"},"modified":"2025-09-02T16:28:48","modified_gmt":"2025-09-02T20:28:48","slug":"club-de-lecture-familiale","status":"publish","type":"page","link":"https:\/\/bibliolennoxvillelibrary.ca\/fr\/club-de-lecture-familiale\/","title":{"rendered":"Club de lecture familiale"},"content":{"rendered":"<p><!-- ####### YAY, I AM THE SOURCE EDITOR! #########--><\/p>\n<p><img loading=\"lazy\" class=\"aligncenter size-full wp-image-11182\" src=\"https:\/\/bibliolennoxvillelibrary.ca\/wp-content\/uploads\/2025\/08\/Capture.png\" alt=\"\" width=\"1427\" height=\"363\" srcset=\"https:\/\/bibliolennoxvillelibrary.ca\/wp-content\/uploads\/2025\/08\/Capture.png 1427w, https:\/\/bibliolennoxvillelibrary.ca\/wp-content\/uploads\/2025\/08\/Capture-300x76.png 300w, https:\/\/bibliolennoxvillelibrary.ca\/wp-content\/uploads\/2025\/08\/Capture-1024x260.png 1024w, https:\/\/bibliolennoxvillelibrary.ca\/wp-content\/uploads\/2025\/08\/Capture-768x195.png 768w, https:\/\/bibliolennoxvillelibrary.ca\/wp-content\/uploads\/2025\/08\/Capture-624x159.png 624w\" sizes=\"(max-width: 1427px) 100vw, 1427px\" \/><\/p>\n<h3>\u00a0<\/h3>\n<h2 style=\"text-align: center;\"><strong>Le Family Book Club de la biblioth\u00e8que de Lennoxville<\/strong><\/h2>\n<h2 style=\"text-align: center;\"><b>Une activit\u00e9 mensuelle pour enfants et familles<\/b><\/h2>\n<p style=\"text-align: center;\"><b>Les enfants et les parents sont invit\u00e9s \u00e0 participer \u00e0 une rencontre amusante et informelle destin\u00e9e \u00e0 susciter l&rsquo;enthousiasme pour les livres et la lecture. Il y aura des jeux et des activit\u00e9s, et les participants seront invit\u00e9s \u00e0 partager ce qu&rsquo;ils ont lu r\u00e9cemment.<\/b><\/p>\n<p>Chaque deux mois, enfants et les parents sont invit\u00e9s \u00e0 lire un livre s\u00e9lectionn\u00e9, pour ensuite se r\u00e9unir \u00e0 la biblioth\u00e8que le dernier vendredi du mois pour approfondir l\u2019histoire et partager leur vision et leurs id\u00e9es. Les familles sont encourag\u00e9es \u00e0 lire le livre de la mani\u00e8re qui leur convient le mieux, puis \u00e0 se montrer pr\u00eates \u00e0 discuter et \u00e0 partager. Toutes les familles sont les bienvenues, m\u00eame si vous n&rsquo;avez pas termin\u00e9 le livre avant la r\u00e9union. Les fr\u00e8res et s\u0153urs plus jeunes ou plus \u00e2g\u00e9s sont \u00e9galement les bienvenus.<\/p>\n<p>Ce club se d\u00e9roulera principalement en anglais, mais, comme toujours, les participants de tous les horizons et comp\u00e9tences linguistiques sont les bienvenus.<\/p>\n<p>La biblioth\u00e8que disposera d\u2019au moins 2 exemplaires de chaque livre (disponible pour pr\u00eat), d\u2019autres peuvent \u00eatre command\u00e9s par le service inter-biblioth\u00e8que. Ces derniers doivent \u00eatre command\u00e9s le plus rapidement possible, id\u00e9alement 6 semaines avant la rencontre. La librairie <a href=\"https:\/\/www.facebook.com\/Black-Cat-Books-170667239629634\/\" target=\"_blank\" rel=\"noopener noreferrer\">Black Cat Books<\/a> propose aussi des exemplaires de ces livres \u00e0 prix raisonnable.<\/p>\n<p>Plusieurs livres dont nous parlerons existent en version fran\u00e7aise aussi.<\/p>\n<p><a href=\"https:\/\/forms.gle\/Q4ofWJx3D1bh4VTw7\">Cliquez ici <\/a>pour vous inscrire, ou contactez la biblioth\u00e8que.<\/p>\n<p>\u00a0<\/p>\n\n\n<p><\/p>\n","protected":false},"excerpt":{"rendered":"<p>\u00a0 Le Family Book Club de la biblioth\u00e8que de Lennoxville Une activit\u00e9 mensuelle pour enfants et familles Les enfants et les parents sont invit\u00e9s \u00e0 participer \u00e0 une rencontre amusante et informelle destin\u00e9e \u00e0 susciter l&rsquo;enthousiasme pour les livres et la lecture. Il y aura des jeux et des activit\u00e9s, et les participants seront invit\u00e9s [&hellip;]<\/p>\n","protected":false},"author":2,"featured_media":0,"parent":0,"menu_order":0,"comment_status":"closed","ping_status":"closed","template":"","meta":[],"_links":{"self":[{"href":"https:\/\/bibliolennoxvillelibrary.ca\/fr\/wp-json\/wp\/v2\/pages\/1956"}],"collection":[{"href":"https:\/\/bibliolennoxvillelibrary.ca\/fr\/wp-json\/wp\/v2\/pages"}],"about":[{"href":"https:\/\/bibliolennoxvillelibrary.ca\/fr\/wp-json\/wp\/v2\/types\/page"}],"author":[{"embeddable":true,"href":"https:\/\/bibliolennoxvillelibrary.ca\/fr\/wp-json\/wp\/v2\/users\/2"}],"replies":[{"embeddable":true,"href":"https:\/\/bibliolennoxvillelibrary.ca\/fr\/wp-json\/wp\/v2\/comments?post=1956"}],"version-history":[{"count":29,"href":"https:\/\/bibliolennoxvillelibrary.ca\/fr\/wp-json\/wp\/v2\/pages\/1956\/revisions"}],"predecessor-version":[{"id":11202,"href":"https:\/\/bibliolennoxvillelibrary.ca\/fr\/wp-json\/wp\/v2\/pages\/1956\/revisions\/11202"}],"wp:attachment":[{"href":"https:\/\/bibliolennoxvillelibrary.ca\/fr\/wp-json\/wp\/v2\/media?parent=1956"}],"curies":[{"name":"wp","href":"https:\/\/api.w.org\/{rel}","templated":true}]}}