{"id":23,"date":"2014-06-05T16:49:36","date_gmt":"2014-06-05T20:49:36","guid":{"rendered":"http:\/\/www.lennox.dev-mmm.com\/?page_id=23"},"modified":"2024-04-01T22:00:43","modified_gmt":"2024-04-02T02:00:43","slug":"devenir-membre","status":"publish","type":"page","link":"https:\/\/bibliolennoxvillelibrary.ca\/fr\/devenir-membre\/","title":{"rendered":"Devenir membre"},"content":{"rendered":"<h2><span style=\"color: #ff0000;\"><span style=\"color: #000000;\">L&rsquo;abonnement est<\/span> gratuit<\/span> pour tous les r\u00e9sidents de la Ville de Sherbrooke, ainsi que pour les \u00e9tudiants <strong>inscrits dans les \u00e9coles, les c\u00e9geps ou les universit\u00e9s de Sherbrooke, quel que soit leur lieu de r\u00e9sidence.<\/strong><\/h2>\n<h2><span style=\"color: #800000;\">Pour faire une demande d&rsquo;abonnement, vous pouvez vous pr\u00e9senter au comptoir de pr\u00eat avec une pi\u00e8ce d&rsquo;identit\u00e9 comportant votre photo, et preuve d&rsquo;adresse (permis de conduire, bail, facture, etc.)\u00a0 pendant les heures d&rsquo;ouverture de la biblioth\u00e8que, <\/span><span style=\"color: #800000;\">ou bien <span style=\"color: #ff0000;\">faire une demande d&rsquo;abonnement en ligne<\/span> en utilisant le <a href=\"https:\/\/www.reseaubiblioestrie.qc.ca\/fr\/other\/comment-vous-abonner\/formulaire-d-abonnement-renouvellement-en-ligne-gratuit\">formulaire d\u2019abonnement \u00e0 distance ici<\/a>. Nous vous contacterons d\u00e8s que nous recevrons votre demande.<\/span><\/h2>\n<h2>Pour ceux et celles qui ne demeurent pas \u00e0 Sherbrooke, des frais sont exig\u00e9s.<\/h2>\n<h2><strong>Jeune (moins de 18 ans) : 25$<\/strong><\/h2>\n<h2><strong>Adulte 18 \u00e0 64 ans : 35,00 $<\/strong><br \/>\n<strong>Adulte 64 et plus : 25,00 $<\/strong><\/h2>\n<h2><strong>Famille (<span class=\"OYPEnA text-decoration-none text-strikethrough-none\">jusqu&rsquo;a 2 adultes + enfants du m\u00eame foyer) <\/span>: 45,00 $\u00a0<\/strong><\/h2>\n<h2><b>Le maintien de tarifs raisonnables et abordables pour les non-r\u00e9sidents est un \u00e9l\u00e9ment essentiel de la mission de la biblioth\u00e8que. Notre objectif est de n&rsquo;exclure personne pour des raisons financi\u00e8res.<\/b><span style=\"font-weight: 400;\"> Si les frais de non-r\u00e9sident constituent pour vous une barri\u00e8re \u00e0 l&rsquo;acc\u00e8s, veuillez nous contacter \u00e0 l&rsquo;adresse coordo.bibliolen@gmail.com afin que nous puissions trouver un arrangement qui vous convienne.<\/span><\/h2>\n<h2><span style=\"font-weight: 400;\">L&rsquo;abonnement non-r\u00e9sident est gratuit pour les b\u00e9n\u00e9voles de la biblioth\u00e8que. <\/span><em><span style=\"font-weight: 400;\">Si vous souhaitez en savoir plus sur les possibilit\u00e9s de b\u00e9n\u00e9volat \u00e0 la biblioth\u00e8que, envoyez-nous un courriel \u00e0 coordo.bibliolen@gmail.com.<\/span><\/em><\/h2>\n<h2>L\u2019abonnement est d\u2019une dur\u00e9e de deux ans pour les r\u00e9sidents de Sherbrooke, et de un an pour les non-r\u00e9sidents. Celui-ci permet d\u2019emprunter <span style=\"color: #ff0000;\">dix livres \u00e0 la fois pour un abonnement-adulte, douze livres pour un abonnement-jeune.<\/span> Chaque membre d\u2019une m\u00eame famille aura ainsi une carte \u00e0 son nom et pourra emprunter le nombre maximum de livres. Les pr\u00eats sont d\u2019une dur\u00e9e de trois semaines et sont renouvelable trois fois, \u00e0 l\u2019exception des nouveaut\u00e9s et des pr\u00eats entre biblioth\u00e8ques (PEB)s.<\/h2>\n<h2><\/h2>\n","protected":false},"excerpt":{"rendered":"<p>L&rsquo;abonnement est gratuit pour tous les r\u00e9sidents de la Ville de Sherbrooke, ainsi que pour les \u00e9tudiants inscrits dans les \u00e9coles, les c\u00e9geps ou les universit\u00e9s de Sherbrooke, quel que soit leur lieu de r\u00e9sidence. Pour faire une demande d&rsquo;abonnement, vous pouvez vous pr\u00e9senter au comptoir de pr\u00eat avec une pi\u00e8ce d&rsquo;identit\u00e9 comportant votre photo, [&hellip;]<\/p>\n","protected":false},"author":1,"featured_media":390,"parent":0,"menu_order":0,"comment_status":"open","ping_status":"open","template":"templates\/2-columns.php","meta":[],"_links":{"self":[{"href":"https:\/\/bibliolennoxvillelibrary.ca\/fr\/wp-json\/wp\/v2\/pages\/23"}],"collection":[{"href":"https:\/\/bibliolennoxvillelibrary.ca\/fr\/wp-json\/wp\/v2\/pages"}],"about":[{"href":"https:\/\/bibliolennoxvillelibrary.ca\/fr\/wp-json\/wp\/v2\/types\/page"}],"author":[{"embeddable":true,"href":"https:\/\/bibliolennoxvillelibrary.ca\/fr\/wp-json\/wp\/v2\/users\/1"}],"replies":[{"embeddable":true,"href":"https:\/\/bibliolennoxvillelibrary.ca\/fr\/wp-json\/wp\/v2\/comments?post=23"}],"version-history":[{"count":19,"href":"https:\/\/bibliolennoxvillelibrary.ca\/fr\/wp-json\/wp\/v2\/pages\/23\/revisions"}],"predecessor-version":[{"id":9173,"href":"https:\/\/bibliolennoxvillelibrary.ca\/fr\/wp-json\/wp\/v2\/pages\/23\/revisions\/9173"}],"wp:featuredmedia":[{"embeddable":true,"href":"https:\/\/bibliolennoxvillelibrary.ca\/fr\/wp-json\/wp\/v2\/media\/390"}],"wp:attachment":[{"href":"https:\/\/bibliolennoxvillelibrary.ca\/fr\/wp-json\/wp\/v2\/media?parent=23"}],"curies":[{"name":"wp","href":"https:\/\/api.w.org\/{rel}","templated":true}]}}