{"id":25,"date":"2014-06-05T16:50:01","date_gmt":"2014-06-05T20:50:01","guid":{"rendered":"http:\/\/www.lennox.dev-mmm.com\/?page_id=25"},"modified":"2015-03-04T15:29:26","modified_gmt":"2015-03-04T20:29:26","slug":"devenir-benevole","status":"publish","type":"page","link":"https:\/\/bibliolennoxvillelibrary.ca\/fr\/devenir-benevole\/","title":{"rendered":"Devenir b\u00e9n\u00e9vole"},"content":{"rendered":"<p>Le b\u00e9n\u00e9volat a toujours \u00e9t\u00e9 et demeure une force essentielle au fonctionnement de la biblioth\u00e8que de Lennoxville. Que ce soit pour une ou plusieurs heures, chaque contribution est importante et tr\u00e8s appr\u00e9ci\u00e9e. Aucune obligation de votre part, vous venez quand vous le d\u00e9sirez. Les t\u00e2ches sont vari\u00e9es\u00a0: ranger les livres sur les rayons, recouvrir les livres et proc\u00e9der \u00e0 l\u2019\u00e9tiquetage de ceux-ci, participer aux diff\u00e9rents comit\u00e9s d\u2019achat de nouvelles publications, animer les activit\u00e9s jeunesse, faire le service au comptoir de pr\u00eats ou encore, si\u00e9ger sur le conseil d\u2019administration.<\/p>\n<p>\u00catre b\u00e9n\u00e9vole \u00e0 la biblioth\u00e8que de Lennoxville vous offre l\u2019opportunit\u00e9 de rencontrer des personnes chaleureuses et permet la pratique d\u2019une langue seconde puisque nous offrons un environnement bilingue.<\/p>\n<p>Si vous d\u00e9sirez vous joindre \u00e0 notre \u00e9quipe, vous n\u2019avez qu\u2019\u00e0 vous pr\u00e9senter durant les heures d\u2019ouverture de la biblioth\u00e8que et nous trouverons ensemble une activit\u00e9 qui vous plaira.<\/p>\n","protected":false},"excerpt":{"rendered":"<p>Le b\u00e9n\u00e9volat a toujours \u00e9t\u00e9 et demeure une force essentielle au fonctionnement de la biblioth\u00e8que de Lennoxville. Que ce soit pour une ou plusieurs heures, chaque contribution est importante et tr\u00e8s appr\u00e9ci\u00e9e. Aucune obligation de votre part, vous venez quand vous le d\u00e9sirez. Les t\u00e2ches sont vari\u00e9es\u00a0: ranger les livres sur les rayons, recouvrir les [&hellip;]<\/p>\n","protected":false},"author":1,"featured_media":385,"parent":0,"menu_order":0,"comment_status":"open","ping_status":"open","template":"templates\/2-columns.php","meta":[],"_links":{"self":[{"href":"https:\/\/bibliolennoxvillelibrary.ca\/fr\/wp-json\/wp\/v2\/pages\/25"}],"collection":[{"href":"https:\/\/bibliolennoxvillelibrary.ca\/fr\/wp-json\/wp\/v2\/pages"}],"about":[{"href":"https:\/\/bibliolennoxvillelibrary.ca\/fr\/wp-json\/wp\/v2\/types\/page"}],"author":[{"embeddable":true,"href":"https:\/\/bibliolennoxvillelibrary.ca\/fr\/wp-json\/wp\/v2\/users\/1"}],"replies":[{"embeddable":true,"href":"https:\/\/bibliolennoxvillelibrary.ca\/fr\/wp-json\/wp\/v2\/comments?post=25"}],"version-history":[{"count":4,"href":"https:\/\/bibliolennoxvillelibrary.ca\/fr\/wp-json\/wp\/v2\/pages\/25\/revisions"}],"predecessor-version":[{"id":389,"href":"https:\/\/bibliolennoxvillelibrary.ca\/fr\/wp-json\/wp\/v2\/pages\/25\/revisions\/389"}],"wp:featuredmedia":[{"embeddable":true,"href":"https:\/\/bibliolennoxvillelibrary.ca\/fr\/wp-json\/wp\/v2\/media\/385"}],"wp:attachment":[{"href":"https:\/\/bibliolennoxvillelibrary.ca\/fr\/wp-json\/wp\/v2\/media?parent=25"}],"curies":[{"name":"wp","href":"https:\/\/api.w.org\/{rel}","templated":true}]}}