{"id":2648,"date":"2020-09-04T14:52:27","date_gmt":"2020-09-04T18:52:27","guid":{"rendered":"http:\/\/new.bibliolennoxvillelibrary.ca\/?page_id=2648"},"modified":"2020-09-04T17:43:06","modified_gmt":"2020-09-04T21:43:06","slug":"consignes-pour-les-dons-de-livres","status":"publish","type":"page","link":"https:\/\/bibliolennoxvillelibrary.ca\/fr\/consignes-pour-les-dons-de-livres\/","title":{"rendered":"Consignes pour les dons de livres"},"content":{"rendered":"<p>Nous serons heureux et reconnaissants de recevoir les dons suivants\u00a0:<\/p>\n<ul>\n<li>Livres (anglais ou fran\u00e7ais) publi\u00e9s au cours des 20 derni\u00e8res ann\u00e9es;<\/li>\n<\/ul>\n<ul>\n<li>DVD, audio-livres sur CD ou musique sur CD<\/li>\n<\/ul>\n<p><em>(Assurez-vous qu\u2019ils sont en bonne condition\u00a0: pas de moisissures et en bon \u00e9tat, mat\u00e9riel audio-visuel en \u00e9tat de marche)<\/em><\/p>\n<p><strong>Nous n\u2019acceptons pas\u00a0:<\/strong><\/p>\n<ul>\n<li>les livres comportant un risque pour la sant\u00e9 (poussi\u00e8re, salet\u00e9, moisissure, etc.)<\/li>\n<li>les encyclop\u00e9dies<\/li>\n<li>les manuels scolaires<\/li>\n<li>les livres condens\u00e9s de S\u00e9lection du Reader\u2019s Digest<\/li>\n<li>guides touristiques datant de plus de 5 ans<\/li>\n<li>livres d\u2019informatique datant de plus de 3 ans<\/li>\n<li>magazines et revues<\/li>\n<\/ul>\n<p>Vous pouvez apporter vos livres, une bo\u00eete \u00e0 la fois, durant les heures r\u00e9guli\u00e8res d\u2019ouverture.<\/p>\n<p>Si votre don est plus important, veuillez contacter la biblioth\u00e8que afin de fixer un rendez-vous.<\/p>\n<p>Veillez \u00e0 mettre vos livres dans des bo\u00eetes solides afin que nous puissions les transporter sans difficult\u00e9 au sous-sol!<\/p>\n<p><em>SVP\u00a0: ne pas laissez de dons devant la porte de la biblioth\u00e8que ou dans la chute de livres.<\/em><\/p>\n","protected":false},"excerpt":{"rendered":"<p>Nous serons heureux et reconnaissants de recevoir les dons suivants\u00a0: Livres (anglais ou fran\u00e7ais) publi\u00e9s au cours des 20 derni\u00e8res ann\u00e9es; DVD, audio-livres sur CD ou musique sur CD (Assurez-vous qu\u2019ils sont en bonne condition\u00a0: pas de moisissures et en bon \u00e9tat, mat\u00e9riel audio-visuel en \u00e9tat de marche) Nous n\u2019acceptons pas\u00a0: les livres comportant un [&hellip;]<\/p>\n","protected":false},"author":2,"featured_media":0,"parent":0,"menu_order":0,"comment_status":"closed","ping_status":"closed","template":"","meta":[],"_links":{"self":[{"href":"https:\/\/bibliolennoxvillelibrary.ca\/fr\/wp-json\/wp\/v2\/pages\/2648"}],"collection":[{"href":"https:\/\/bibliolennoxvillelibrary.ca\/fr\/wp-json\/wp\/v2\/pages"}],"about":[{"href":"https:\/\/bibliolennoxvillelibrary.ca\/fr\/wp-json\/wp\/v2\/types\/page"}],"author":[{"embeddable":true,"href":"https:\/\/bibliolennoxvillelibrary.ca\/fr\/wp-json\/wp\/v2\/users\/2"}],"replies":[{"embeddable":true,"href":"https:\/\/bibliolennoxvillelibrary.ca\/fr\/wp-json\/wp\/v2\/comments?post=2648"}],"version-history":[{"count":4,"href":"https:\/\/bibliolennoxvillelibrary.ca\/fr\/wp-json\/wp\/v2\/pages\/2648\/revisions"}],"predecessor-version":[{"id":2653,"href":"https:\/\/bibliolennoxvillelibrary.ca\/fr\/wp-json\/wp\/v2\/pages\/2648\/revisions\/2653"}],"wp:attachment":[{"href":"https:\/\/bibliolennoxvillelibrary.ca\/fr\/wp-json\/wp\/v2\/media?parent=2648"}],"curies":[{"name":"wp","href":"https:\/\/api.w.org\/{rel}","templated":true}]}}