{"id":29,"date":"2014-06-05T16:50:36","date_gmt":"2014-06-05T20:50:36","guid":{"rendered":"http:\/\/www.lennox.dev-mmm.com\/?page_id=29"},"modified":"2018-10-10T15:38:28","modified_gmt":"2018-10-10T19:38:28","slug":"autres-services","status":"publish","type":"page","link":"https:\/\/bibliolennoxvillelibrary.ca\/fr\/activite\/accueil\/autres-services\/","title":{"rendered":"Autres services"},"content":{"rendered":"<h3><strong>Biblioth\u00e8que roulante<\/strong><\/h3>\n<h3>Livraison de livres \u00e0 domicile pour les personnes \u00e0 mobilit\u00e9 r\u00e9duite.\u00a0 Ce service est offert gr\u00e2ce \u00e0 nos b\u00e9n\u00e9voles.\u00a0 Pour plus de renseignements sur ce service, veuillez contacter la biblioth\u00e8que.<\/h3>\n<h3><strong>\u00ab\u00a0Good Reads\u00a0\u00bb<\/strong><\/h3>\n<h3>Vous avez manqu\u00e9 la critique de livres cette semaine dans le journal, \u00ab\u00a0The Record\u00a0\u00bb?\u00a0 Ce n&rsquo;est pas un probl\u00e8me.\u00a0 Vous pouvez la consulter en cliquant sur le lien suivant: <a title=\"Good Reads\" href=\"http:\/\/bibliolennlibrary.wordpress.com\/\" target=\"_blank\" rel=\"noopener\"><em>Good Reads<\/em>.<\/a><\/h3>\n<h3><strong>Acc\u00e8s aux ordinateurs<\/strong><\/h3>\n<h3>La biblioth\u00e8que offre\u00a0l&rsquo;acc\u00e8s gratuit aux ordinateurs et \u00e0 Internet, pour le grand public.<\/h3>\n","protected":false},"excerpt":{"rendered":"<p>Biblioth\u00e8que roulante Livraison de livres \u00e0 domicile pour les personnes \u00e0 mobilit\u00e9 r\u00e9duite.\u00a0 Ce service est offert gr\u00e2ce \u00e0 nos b\u00e9n\u00e9voles.\u00a0 Pour plus de renseignements sur ce service, veuillez contacter la biblioth\u00e8que. \u00ab\u00a0Good Reads\u00a0\u00bb Vous avez manqu\u00e9 la critique de livres cette semaine dans le journal, \u00ab\u00a0The Record\u00a0\u00bb?\u00a0 Ce n&rsquo;est pas un probl\u00e8me.\u00a0 Vous pouvez [&hellip;]<\/p>\n","protected":false},"author":1,"featured_media":0,"parent":14,"menu_order":0,"comment_status":"open","ping_status":"open","template":"","meta":[],"_links":{"self":[{"href":"https:\/\/bibliolennoxvillelibrary.ca\/fr\/wp-json\/wp\/v2\/pages\/29"}],"collection":[{"href":"https:\/\/bibliolennoxvillelibrary.ca\/fr\/wp-json\/wp\/v2\/pages"}],"about":[{"href":"https:\/\/bibliolennoxvillelibrary.ca\/fr\/wp-json\/wp\/v2\/types\/page"}],"author":[{"embeddable":true,"href":"https:\/\/bibliolennoxvillelibrary.ca\/fr\/wp-json\/wp\/v2\/users\/1"}],"replies":[{"embeddable":true,"href":"https:\/\/bibliolennoxvillelibrary.ca\/fr\/wp-json\/wp\/v2\/comments?post=29"}],"version-history":[{"count":19,"href":"https:\/\/bibliolennoxvillelibrary.ca\/fr\/wp-json\/wp\/v2\/pages\/29\/revisions"}],"predecessor-version":[{"id":1508,"href":"https:\/\/bibliolennoxvillelibrary.ca\/fr\/wp-json\/wp\/v2\/pages\/29\/revisions\/1508"}],"up":[{"embeddable":true,"href":"https:\/\/bibliolennoxvillelibrary.ca\/fr\/wp-json\/wp\/v2\/pages\/14"}],"wp:attachment":[{"href":"https:\/\/bibliolennoxvillelibrary.ca\/fr\/wp-json\/wp\/v2\/media?parent=29"}],"curies":[{"name":"wp","href":"https:\/\/api.w.org\/{rel}","templated":true}]}}