{"id":3068,"date":"2020-12-10T11:36:28","date_gmt":"2020-12-10T16:36:28","guid":{"rendered":"https:\/\/bibliolennoxvillelibrary.ca\/?page_id=3068"},"modified":"2026-03-26T13:38:50","modified_gmt":"2026-03-26T17:38:50","slug":"nouveautes-en-dvd","status":"publish","type":"page","link":"https:\/\/bibliolennoxvillelibrary.ca\/fr\/nouveautes-en-dvd\/","title":{"rendered":"NOUVEAUT\u00c9S &#8211; Films &#038; T\u00e9l\u00e9s\u00e9ries"},"content":{"rendered":"\n<h2>This list includes items that are on order for the library. If an item from this list does not appear in the library catalog, this means that we have not yet received it, or that it is still being processed. You may still reserve it by contacting the library.<\/h2>\n\n\n\n<h2>Click on the title for the full item record in our online catalogue. (Titles without hyperlinks are still being processed)<\/h2>\n\n\n\n<hr class=\"wp-block-separator\"\/>\n\n\n\n<h2>Cette liste comprend les articles qui sont en commande pour la biblioth\u00e8que. Si un article de cette liste n&rsquo;appara\u00eet pas dans le catalogue de la biblioth\u00e8que, cela signifie que nous ne l&rsquo;avons pas encore re\u00e7u ou qu&rsquo;il est en cours de traitement. Vous pouvez toujours le r\u00e9server en contactant la biblioth\u00e8que.<\/h2>\n\n\n\n<h2>Cliquez sur le titre pour obtenir la fiche compl\u00e8te du document dans notre catalogue en ligne. (Les titres sans hyperlien sont en cours de traitement ou en commande).<\/h2>\n\n\n\n<h3><span style=\"text-decoration: underline; color: #3366ff;\"><a href=\"http:\/\/bibliolennoxvillelibrary.ca\/fr\/liste-des-nouveautes\/\"><span style=\"color:#3366ff\" class=\"has-inline-color\">Retour \u00e0 la page principale des nouveaut\u00e9s &#8211; return to the new items home page<\/span><\/a><\/span><\/h3>\n\n\n\n<div style=\"height:20px\" aria-hidden=\"true\" class=\"wp-block-spacer\"><\/div>\n\n\n\n<p><strong style=\"color: #0000ff; font-size: 30px;\">Mars<\/strong><\/p>\n\n\n\n<h2><span style=\"color: #993300;\"><span style=\"color: #ff0000;\"><span style=\"color:#800000\" class=\"has-inline-color\"><strong>Adultes<\/strong><\/span><\/span><\/span><\/h2>\n\n\n\n<h3><a href=\"https:\/\/mbcpe.ent.sirsidynix.net\/client\/fr_CA\/Estrie\/search\/detailnonmodal\/ent:$002f$002fSD_ILS$002f0$002fSD_ILS:721349\/one?qu=N-654+HAM+DVD&amp;lm=E080-BIBLI\">Hamnet<\/a><\/h3>\n\n\n\n<h3><a href=\"https:\/\/mbcpe.ent.sirsidynix.net\/client\/fr_CA\/Estrie\/search\/detailnonmodal\/ent:$002f$002fSD_ILS$002f0$002fSD_ILS:716424\/one?qu=One+battle+after+another%5BDVD%5D&amp;lm=E080-BIBLI\">One battle after another \/ Une bataille apr\u00e8s l&rsquo;autre<\/a><\/h3>\n\n\n\n<h3><a href=\"https:\/\/mbcpe.ent.sirsidynix.net\/client\/fr_CA\/Estrie\/search\/detailnonmodal\/ent:$002f$002fSD_ILS$002f0$002fSD_ILS:716054\/one?qu=N-651+TRA+DVD&amp;lm=E080-BIBLI\">Tron: Ares<\/a><\/h3>\n\n\n\n<h2><span style=\"color: #993300;\"><span style=\"color: #ff0000;\"><span style=\"color:#800000\" class=\"has-inline-color\"><strong>Enfants &amp; Famille \/ Kids &amp; Family<\/strong><\/span><\/span><\/span><\/h2>\n\n\n\n<h3><a href=\"https:\/\/mbcpe.ent.sirsidynix.net\/client\/fr_CA\/Estrie\/search\/detailnonmodal\/ent:$002f$002fSD_ILS$002f0$002fSD_ILS:715069\/one?qu=Wicked%3A+For+good&amp;lm=E080-BIBLI\">Wicked : partie 2 \/ Wicked: For good<\/a><\/h3>\n\n\n\n<h3><a href=\"https:\/\/mbcpe.ent.sirsidynix.net\/client\/fr_CA\/Estrie\/search\/detailnonmodal\/ent:$002f$002fSD_ILS$002f0$002fSD_ILS:720975\/one?qu=Zootopia+2&amp;lm=E080-BIBLI\">Zootopia 2<\/a><\/h3>\n\n\n\n<p><strong style=\"color: #0000ff; font-size: 30px;\">Octobre<\/strong><\/p>\n\n\n\n<h2><span style=\"color: #993300;\"><span style=\"color: #ff0000;\"><span style=\"color:#800000\" class=\"has-inline-color\"><strong>Adultes<\/strong><\/span><\/span><\/span><\/h2>\n\n\n\n<h3><a href=\"https:\/\/mbcpe.ent.sirsidynix.net\/client\/fr_CA\/Estrie\/search\/detailnonmodal\/ent:$002f$002fSD_ILS$002f0$002fSD_ILS:707938\/one?qu=Jurassic+world+Rebirth&amp;lm=E080-BIBLI\">Jurassic world Rebirth<\/a><\/h3>\n\n\n\n<h3><a href=\"https:\/\/mbcpe.ent.sirsidynix.net\/client\/fr_CA\/Estrie\/search\/detailnonmodal\/ent:$002f$002fSD_ILS$002f0$002fSD_ILS:708145\/one?qu=N-649+FOU+DVD&amp;lm=E080-BIBLI\">F1<\/a><\/h3>\n\n\n\n<h3><a href=\"https:\/\/mbcpe.ent.sirsidynix.net\/client\/fr_CA\/Estrie\/search\/detailnonmodal\/ent:$002f$002fSD_ILS$002f0$002fSD_ILS:706639\/one?qu=N-643+BAL+DVD&amp;lm=E080-BIBLI\">Ballerina<\/a><\/h3>\n\n\n\n<h3><a href=\"https:\/\/mbcpe.ent.sirsidynix.net\/client\/fr_CA\/Estrie\/search\/detailnonmodal\/ent:$002f$002fSD_ILS$002f0$002fSD_ILS:707749\/one?qu=Mission+impossible+Bilan+final+%2F+Mission+Impossible+Final+Reckoning&amp;lm=E080-BIBLI\">Mission impossible Bilan final \/ Mission Impossible Final Reckoning<\/a><\/h3>\n\n\n\n<h3><a href=\"https:\/\/mbcpe.ent.sirsidynix.net\/client\/fr_CA\/Estrie\/search\/detailnonmodal\/ent:$002f$002fSD_ILS$002f0$002fSD_ILS:708146\/one?qu=N-648+WEA+DVD&amp;lm=E080-BIBLI\">Heure de disparition \/ Weapons<\/a><\/h3>\n\n\n\n<h2><span style=\"color: #993300;\"><span style=\"color: #ff0000;\"><span style=\"color:#800000\" class=\"has-inline-color\"><strong>Enfants &amp; Famille \/ Kids &amp; Family<\/strong><\/span><\/span><\/span><\/h2>\n\n\n\n<h3><a href=\"https:\/\/mbcpe.ent.sirsidynix.net\/client\/fr_CA\/Estrie\/search\/detailnonmodal\/ent:$002f$002fSD_ILS$002f0$002fSD_ILS:708144\/one?qu=N-647+BAG+DVD+v.2&amp;lm=E080-BIBLI\">The bad guys 2<\/a><\/h3>\n\n\n\n<h3><a href=\"https:\/\/mbcpe.ent.sirsidynix.net\/client\/fr_CA\/Estrie\/search\/detailnonmodal\/ent:$002f$002fSD_ILS$002f0$002fSD_ILS:706640\/one?qu=N-644+SUP+DVD&amp;lm=E080-BIBLI\">Superman<\/a><\/h3>\n\n\n\n<p><strong style=\"color: #0000ff; font-size: 30px;\">Aout<\/strong><\/p>\n\n\n\n<h2><span style=\"color: #993300;\"><span style=\"color: #ff0000;\"><span style=\"color:#800000\" class=\"has-inline-color\"><strong>Adultes<\/strong><\/span><\/span><\/span><\/h2>\n\n\n\n<h3><a href=\"https:\/\/mbcpe.ent.sirsidynix.net\/client\/fr_CA\/Estrie\/search\/detailnonmodal\/ent:$002f$002fSD_ILS$002f0$002fSD_ILS:699164\/one?qu=Vil+et+mis%C3%A9rable&amp;lm=E080-BIBLI\">Vil et mis\u00e9rable<\/a><\/h3>\n\n\n\n<p><strong style=\"color: #0000ff; font-size: 30px;\">Juin<\/strong><\/p>\n\n\n\n<h2><span style=\"color: #993300;\"><span style=\"color: #ff0000;\"><span style=\"color:#800000\" class=\"has-inline-color\"><strong>Enfants &amp; Famille \/ Kids &amp; Family<\/strong><\/span><\/span><\/span><\/h2>\n\n\n\n<h3><a href=\"https:\/\/mbcpe.ent.sirsidynix.net\/client\/fr_CA\/Estrie\/search\/detailnonmodal\/ent:$002f$002fSD_ILS$002f0$002fSD_ILS:697630\/one?qu=Capitaine+america+Le+meilleur+des+mondes&amp;lm=E080-BIBLI\">Capitaine america Le meilleur des mondes<\/a><\/h3>\n\n\n\n<p><strong style=\"color: #0000ff; font-size: 30px;\">Mai<\/strong><\/p>\n\n\n\n<h2><span style=\"color: #993300;\"><span style=\"color: #ff0000;\"><span style=\"color:#800000\" class=\"has-inline-color\"><strong>Adultes<\/strong><\/span><\/span><\/span><\/h2>\n\n\n\n<h3><a href=\"https:\/\/mbcpe.ent.sirsidynix.net\/client\/fr_CA\/Estrie\/search\/detailnonmodal\/ent:$002f$002fSD_ILS$002f0$002fSD_ILS:693711\/one?qu=N-637+BER+DVD&amp;lm=E080-BIBLI\">Bergers \/ Sheperds<\/a><\/h3>\n\n\n\n<h3><a href=\"https:\/\/mbcpe.ent.sirsidynix.net\/client\/fr_CA\/Estrie\/search\/detailnonmodal\/ent:$002f$002fSD_ILS$002f0$002fSD_ILS:692379\/one?qu=Monsieur+Aznavour&amp;lm=E080-BIBLI\">Monsieur Aznavour<\/a><\/h3>\n\n\n\n<h2><span style=\"color: #993300;\"><span style=\"color: #ff0000;\"><span style=\"color:#800000\" class=\"has-inline-color\"><strong>Enfants &amp; Famille \/ Kids &amp; Family<\/strong><\/span><\/span><\/span><\/h2>\n\n\n\n<h3><a href=\"https:\/\/mbcpe.ent.sirsidynix.net\/client\/fr_CA\/Estrie\/search\/detailnonmodal\/ent:$002f$002fSD_ILS$002f0$002fSD_ILS:693999\/one?qu=N-640+SON+DVD+v.3&amp;lm=E080-BIBLI\">Sonic 3<\/a><\/h3>\n\n\n\n<h3><a href=\"https:\/\/mbcpe.ent.sirsidynix.net\/client\/fr_CA\/Estrie\/search\/detailnonmodal\/ent:$002f$002fSD_ILS$002f0$002fSD_ILS:694000\/one?qu=N-639+PAP+DVD&amp;lm=E080-BIBLI\">Paddington au P\u00e9rou \/ Paddington in Peru<\/a><\/h3>\n\n\n\n<p><strong style=\"color: #0000ff; font-size: 30px;\">Avril<\/strong><\/p>\n\n\n\n<h2><span style=\"color: #993300;\"><span style=\"color: #ff0000;\"><span style=\"color:#800000\" class=\"has-inline-color\"><strong>Adultes<\/strong><\/span><\/span><\/span><\/h2>\n\n\n\n<h3><a href=\"https:\/\/mbcpe.ent.sirsidynix.net\/client\/fr_CA\/Estrie\/search\/detailnonmodal\/ent:$002f$002fSD_ILS$002f0$002fSD_ILS:691297\/one?qu=Vol+%C3%A0+haut+risque&amp;lm=E080-BIBLI\">Flight Risk \/ Vol \u00e0 haut risque<\/a><\/h3>\n\n\n\n<h2><span style=\"color: #993300;\"><span style=\"color: #ff0000;\"><span style=\"color:#800000\" class=\"has-inline-color\"><strong>Enfants &amp; Famille \/ Kids &amp; Family<\/strong><\/span><\/span><\/span><\/h2>\n\n\n\n<h3><a href=\"https:\/\/mbcpe.ent.sirsidynix.net\/client\/fr_CA\/Estrie\/search\/detailnonmodal\/ent:$002f$002fSD_ILS$002f0$002fSD_ILS:688230\/one?qu=N-636+MOA+DVD+v.2&amp;lm=E080-BIBLI\">Moana 2<\/a><\/h3>\n\n\n\n<h3><a href=\"https:\/\/mbcpe.ent.sirsidynix.net\/client\/fr_CA\/Estrie\/search\/detailnonmodal\/ent:$002f$002fSD_ILS$002f0$002fSD_ILS:691305\/one?qu=N-635+MUF+DVD&amp;lm=E080-BIBLI\">Mufasa<\/a><\/h3>\n","protected":false},"excerpt":{"rendered":"<p>This list includes items that are on order for the library. If an item from this list does not appear in the library catalog, this means that we have not yet received it, or that it is still being processed. You may still reserve it by contacting the library. Click on the title for the [&hellip;]<\/p>\n","protected":false},"author":2,"featured_media":0,"parent":0,"menu_order":0,"comment_status":"closed","ping_status":"closed","template":"","meta":[],"_links":{"self":[{"href":"https:\/\/bibliolennoxvillelibrary.ca\/fr\/wp-json\/wp\/v2\/pages\/3068"}],"collection":[{"href":"https:\/\/bibliolennoxvillelibrary.ca\/fr\/wp-json\/wp\/v2\/pages"}],"about":[{"href":"https:\/\/bibliolennoxvillelibrary.ca\/fr\/wp-json\/wp\/v2\/types\/page"}],"author":[{"embeddable":true,"href":"https:\/\/bibliolennoxvillelibrary.ca\/fr\/wp-json\/wp\/v2\/users\/2"}],"replies":[{"embeddable":true,"href":"https:\/\/bibliolennoxvillelibrary.ca\/fr\/wp-json\/wp\/v2\/comments?post=3068"}],"version-history":[{"count":96,"href":"https:\/\/bibliolennoxvillelibrary.ca\/fr\/wp-json\/wp\/v2\/pages\/3068\/revisions"}],"predecessor-version":[{"id":11964,"href":"https:\/\/bibliolennoxvillelibrary.ca\/fr\/wp-json\/wp\/v2\/pages\/3068\/revisions\/11964"}],"wp:attachment":[{"href":"https:\/\/bibliolennoxvillelibrary.ca\/fr\/wp-json\/wp\/v2\/media?parent=3068"}],"curies":[{"name":"wp","href":"https:\/\/api.w.org\/{rel}","templated":true}]}}