{"id":4222,"date":"2021-10-08T14:10:19","date_gmt":"2021-10-08T18:10:19","guid":{"rendered":"https:\/\/bibliolennoxvillelibrary.ca\/?page_id=4222"},"modified":"2023-09-27T14:26:19","modified_gmt":"2023-09-27T18:26:19","slug":"liste-de-souhaits-livres-en-francais-pour-enfants","status":"publish","type":"page","link":"https:\/\/bibliolennoxvillelibrary.ca\/fr\/liste-de-souhaits-livres-en-francais-pour-enfants\/","title":{"rendered":"Liste de souhaits- Livres en Fran\u00e7ais pour enfants"},"content":{"rendered":"\n<h2><strong><span class=\"has-inline-color has-vivid-red-color\">Supportez votre librairie pr\u00e9f\u00e9r\u00e9e ET votre biblioth\u00e8que en m\u00eame temps <strong>pendant notre Campagne de financement \u00ab\u00a0Parrainez-un-Livre 2023\u00a0\u00bb!<\/strong><\/span><\/strong><\/h2>\n\n\n\n<ul><li>Choisissez un livre parmi la liste de souhaits d&rsquo;acquisition ci-dessous.<\/li><li>Achetez-le chez votre libraire.<\/li><li>Apportez-nous le livre accompagn\u00e9 de votre facture.<\/li><li>Nous vous fournirons un re\u00e7u de don \u00e0 des fins d&rsquo;imp\u00f4t.<\/li><li>Votre nom, ou celui d&rsquo;une personne de votre choix, sera inscrit \u00e0 la 1re page sur une vignette color\u00e9e.<\/li><\/ul>\n\n\n\n<p><em><strong><a href=\"https:\/\/bibliolennoxvillelibrary.ca\/fr\/liste-de-souhaits-livres-pour-adultes-en-francais\/\" target=\"_blank\" rel=\"noreferrer noopener\">Voir la liste de souhaits des livres en fran\u00e7ais pour les adultes ici<\/a><\/strong><\/em><\/p>\n\n\n\n<p><strong><em>Contactez la biblioth\u00e8que pour plus d\u2019informations<\/em><\/strong><\/p>\n\n\n\n<hr class=\"wp-block-separator\"\/>\n\n\n\n<div class=\"wp-block-columns\">\n<div class=\"wp-block-column\">\n<div class=\"wp-block-media-text alignwide is-stacked-on-mobile\"><figure class=\"wp-block-media-text__media\"><img loading=\"lazy\" width=\"367\" height=\"550\" src=\"https:\/\/bibliolennoxvillelibrary.ca\/wp-content\/uploads\/2023\/09\/3784201-gf.jpg\" alt=\"\" class=\"wp-image-8268\" srcset=\"https:\/\/bibliolennoxvillelibrary.ca\/wp-content\/uploads\/2023\/09\/3784201-gf.jpg 367w, https:\/\/bibliolennoxvillelibrary.ca\/wp-content\/uploads\/2023\/09\/3784201-gf-200x300.jpg 200w\" sizes=\"(max-width: 367px) 100vw, 367px\" \/><\/figure><div class=\"wp-block-media-text__content\">\n<p><strong>William Gilkerso<\/strong><\/p>\n\n\n\n<p><strong><span class=\"has-inline-color has-vivid-red-color\">$27.95<\/span><\/strong><\/p>\n\n\n\n<p><a href=\"https:\/\/www.archambault.ca\/books\/passage-des-pirates-le\/william-gilkerson\/9782897913939\/?id=3784201&amp;cat=1884314\">Au large de la Nouvelle-\u00c9cosse en 1952, des vents violents forcent un bateau \u00e0 entrer au port. Le pilote de l\u2019embarcation, l\u2019excentrique capitaine Charles Johnson, \u00e9lit domicile dans la petite auberge tenue par Jim et sa m\u00e8re.&nbsp;<\/a><\/p>\n<\/div><\/div>\n<\/div>\n\n\n\n<div class=\"wp-block-column\">\n<div class=\"wp-block-media-text alignwide is-stacked-on-mobile\"><figure class=\"wp-block-media-text__media\"><img loading=\"lazy\" width=\"370\" height=\"549\" src=\"https:\/\/bibliolennoxvillelibrary.ca\/wp-content\/uploads\/2023\/09\/4014400-gf.jpg\" alt=\"\" class=\"wp-image-8270\" srcset=\"https:\/\/bibliolennoxvillelibrary.ca\/wp-content\/uploads\/2023\/09\/4014400-gf.jpg 370w, https:\/\/bibliolennoxvillelibrary.ca\/wp-content\/uploads\/2023\/09\/4014400-gf-202x300.jpg 202w\" sizes=\"(max-width: 370px) 100vw, 370px\" \/><\/figure><div class=\"wp-block-media-text__content\">\n<p><strong>Sarah Lalonde<\/strong><\/p>\n\n\n\n<p><strong><span class=\"has-inline-color has-vivid-red-color\">$17.95<\/span><\/strong><\/p>\n\n\n\n<p><a href=\"https:\/\/www.archambault.ca\/books\/jules-au-pays-d%27asha\/varin-chlo%C3%A9-al\/9782897707767\/?id=4014400&amp;cat=1884314\">Durant l\u2019hiver 1940, Jules et sa famille emm\u00e9nagent chez son oncle dans le nord du Qu\u00e9bec. Ce roman ouvre une fen\u00eatre sur une \u00e9poque pas si lointaine, et nous offre une histoire remplie de magie et de po\u00e9sie invitant \u00e0 la r\u00e9conciliation.<\/a><\/p>\n<\/div><\/div>\n<\/div>\n\n\n\n<div class=\"wp-block-column\">\n<div class=\"wp-block-media-text alignwide is-stacked-on-mobile\"><figure class=\"wp-block-media-text__media\"><img loading=\"lazy\" width=\"400\" height=\"513\" src=\"https:\/\/bibliolennoxvillelibrary.ca\/wp-content\/uploads\/2023\/09\/4030752-gf.jpg\" alt=\"\" class=\"wp-image-8272\" srcset=\"https:\/\/bibliolennoxvillelibrary.ca\/wp-content\/uploads\/2023\/09\/4030752-gf.jpg 400w, https:\/\/bibliolennoxvillelibrary.ca\/wp-content\/uploads\/2023\/09\/4030752-gf-234x300.jpg 234w\" sizes=\"(max-width: 400px) 100vw, 400px\" \/><\/figure><div class=\"wp-block-media-text__content\">\n<p><strong>Lou Beauchesne<\/strong><\/p>\n\n\n\n<p><strong><span class=\"has-inline-color has-vivid-red-color\">$22.95<\/span><\/strong><\/p>\n\n\n\n<p><a href=\"https:\/\/www.archambault.ca\/books\/premi%c3%a8re-mission-de-gello-la\/lou-beauchesne-sandra-dumais\/9782897146030\/?id=4030752&amp;cat=1884314\">Un jeune ange en mission ultrasp\u00e9ciale. Un chien errant qui adore faire des blagues et philosopher. Tout les \u00e9loigne, pourtant\u2026 D\u00e9couvre les aventures rocambolesques de Gello et Rousseau, l&rsquo;histoire d&rsquo;une amiti\u00e9 improbable entre un ange maladroit et un chien au sourire tordu.<\/a><\/p>\n<\/div><\/div>\n<\/div>\n<\/div>\n\n\n\n<div class=\"wp-block-columns\">\n<div class=\"wp-block-column\">\n<div class=\"wp-block-media-text alignwide is-stacked-on-mobile\"><figure class=\"wp-block-media-text__media\"><img loading=\"lazy\" width=\"400\" height=\"527\" src=\"https:\/\/bibliolennoxvillelibrary.ca\/wp-content\/uploads\/2023\/09\/4031091-gf.jpg\" alt=\"\" class=\"wp-image-8274\" srcset=\"https:\/\/bibliolennoxvillelibrary.ca\/wp-content\/uploads\/2023\/09\/4031091-gf.jpg 400w, https:\/\/bibliolennoxvillelibrary.ca\/wp-content\/uploads\/2023\/09\/4031091-gf-228x300.jpg 228w\" sizes=\"(max-width: 400px) 100vw, 400px\" \/><\/figure><div class=\"wp-block-media-text__content\">\n<p><strong>Lucie Papineau<\/strong><\/p>\n\n\n\n<p><strong><span class=\"has-inline-color has-vivid-red-color\">$24.95<\/span><\/strong><\/p>\n\n\n\n<p><a href=\"https:\/\/www.archambault.ca\/books\/gontrand-et-les-souris\/lucie-papineau-martina-motzo\/9782897148065\/?id=4031091&amp;cat=1884314\">Dans la maison de Gontrand, il y a des humains bien entendu. Mais tout le r\u00e9seau des murs est habit\u00e9, colonis\u00e9, d\u00e9cor\u00e9, adapt\u00e9 \u00e0 la vie de la famille Souris. Il y a des voies rapides vers le garde-manger, des salons, des chambres, des ateliers, depuis des ann\u00e9es. Or, Gontrand croit plut\u00f4t que sa maison est hant\u00e9e. Et pour le rassurer, ses parents lui offre un chaton nomm\u00e9<\/a><\/p>\n<\/div><\/div>\n<\/div>\n\n\n\n<div class=\"wp-block-column\">\n<div class=\"wp-block-media-text alignwide is-stacked-on-mobile\"><figure class=\"wp-block-media-text__media\"><img loading=\"lazy\" width=\"393\" height=\"549\" src=\"https:\/\/bibliolennoxvillelibrary.ca\/wp-content\/uploads\/2023\/09\/4037993-gf.jpg\" alt=\"\" class=\"wp-image-8276\" srcset=\"https:\/\/bibliolennoxvillelibrary.ca\/wp-content\/uploads\/2023\/09\/4037993-gf.jpg 393w, https:\/\/bibliolennoxvillelibrary.ca\/wp-content\/uploads\/2023\/09\/4037993-gf-215x300.jpg 215w\" sizes=\"(max-width: 393px) 100vw, 393px\" \/><\/figure><div class=\"wp-block-media-text__content\">\n<p><strong>\u00c9loise Nancy B.-Pilon<\/strong><\/p>\n\n\n\n<p><strong><span class=\"has-inline-color has-vivid-red-color\">$12.95<\/span><\/strong><\/p>\n\n\n\n<p><a href=\"https:\/\/www.archambault.ca\/books\/reste-assise-%c3%a9loise\/nancy-b-pilon-marish-papaya\/9782764451632\/?id=4037993&amp;cat=1884314\">\u00c9lo\u00efse change d\u2019\u00e9cole, mais pour elle qui est en fauteuil roulant, passer d\u2019une \u00e9cole sp\u00e9cialis\u00e9e \u00e0 une \u00e9cole de quartier n\u2019est pas si simple.\u00a0<\/a><\/p>\n<\/div><\/div>\n<\/div>\n\n\n\n<div class=\"wp-block-column\"><\/div>\n<\/div>\n\n\n\n<div class=\"wp-block-columns\">\n<div class=\"wp-block-column\"><\/div>\n\n\n\n<div class=\"wp-block-column\"><\/div>\n\n\n\n<div class=\"wp-block-column\"><\/div>\n<\/div>\n\n\n\n<div class=\"wp-block-columns\">\n<div class=\"wp-block-column\"><\/div>\n\n\n\n<div class=\"wp-block-column\"><\/div>\n\n\n\n<div class=\"wp-block-column\"><\/div>\n<\/div>\n\n\n\n<div class=\"wp-block-columns\">\n<div class=\"wp-block-column\"><\/div>\n\n\n\n<div class=\"wp-block-column\"><\/div>\n\n\n\n<div class=\"wp-block-column\"><\/div>\n<\/div>\n\n\n\n<div class=\"wp-block-columns\">\n<div class=\"wp-block-column\"><\/div>\n\n\n\n<div class=\"wp-block-column\"><\/div>\n\n\n\n<div class=\"wp-block-column\"><\/div>\n<\/div>\n\n\n\n<div class=\"wp-block-columns\">\n<div class=\"wp-block-column\"><\/div>\n\n\n\n<div class=\"wp-block-column\"><\/div>\n\n\n\n<div class=\"wp-block-column\"><\/div>\n<\/div>\n","protected":false},"excerpt":{"rendered":"<p>Supportez votre librairie pr\u00e9f\u00e9r\u00e9e ET votre biblioth\u00e8que en m\u00eame temps pendant notre Campagne de financement \u00ab\u00a0Parrainez-un-Livre 2023\u00a0\u00bb! Choisissez un livre parmi la liste de souhaits d&rsquo;acquisition ci-dessous. Achetez-le chez votre libraire. Apportez-nous le livre accompagn\u00e9 de votre facture. Nous vous fournirons un re\u00e7u de don \u00e0 des fins d&rsquo;imp\u00f4t. Votre nom, ou celui d&rsquo;une personne [&hellip;]<\/p>\n","protected":false},"author":2,"featured_media":0,"parent":0,"menu_order":0,"comment_status":"closed","ping_status":"closed","template":"","meta":[],"_links":{"self":[{"href":"https:\/\/bibliolennoxvillelibrary.ca\/fr\/wp-json\/wp\/v2\/pages\/4222"}],"collection":[{"href":"https:\/\/bibliolennoxvillelibrary.ca\/fr\/wp-json\/wp\/v2\/pages"}],"about":[{"href":"https:\/\/bibliolennoxvillelibrary.ca\/fr\/wp-json\/wp\/v2\/types\/page"}],"author":[{"embeddable":true,"href":"https:\/\/bibliolennoxvillelibrary.ca\/fr\/wp-json\/wp\/v2\/users\/2"}],"replies":[{"embeddable":true,"href":"https:\/\/bibliolennoxvillelibrary.ca\/fr\/wp-json\/wp\/v2\/comments?post=4222"}],"version-history":[{"count":15,"href":"https:\/\/bibliolennoxvillelibrary.ca\/fr\/wp-json\/wp\/v2\/pages\/4222\/revisions"}],"predecessor-version":[{"id":8278,"href":"https:\/\/bibliolennoxvillelibrary.ca\/fr\/wp-json\/wp\/v2\/pages\/4222\/revisions\/8278"}],"wp:attachment":[{"href":"https:\/\/bibliolennoxvillelibrary.ca\/fr\/wp-json\/wp\/v2\/media?parent=4222"}],"curies":[{"name":"wp","href":"https:\/\/api.w.org\/{rel}","templated":true}]}}