{"id":4518,"date":"2021-10-13T16:26:19","date_gmt":"2021-10-13T20:26:19","guid":{"rendered":"https:\/\/bibliolennoxvillelibrary.ca\/?page_id=4518"},"modified":"2025-10-22T19:05:00","modified_gmt":"2025-10-22T23:05:00","slug":"campagne-de-financement-parrainez-un-livre","status":"publish","type":"page","link":"https:\/\/bibliolennoxvillelibrary.ca\/fr\/campagne-de-financement-parrainez-un-livre\/","title":{"rendered":""},"content":{"rendered":"<p><!-- Hero image --><\/p>\n<div class=\"wp-block-image size-large aligncenter\">\n<figure class=\"aligncenter is-resized\"><img loading=\"lazy\" style=\"max-width: 100%; height: auto;\" src=\"https:\/\/bibliolennoxvillelibrary.ca\/wp-content\/uploads\/2024\/10\/Choix-cartes-biblio-2024-Facebook-Cover-1024x577.png\" alt=\"Campagne Parrainez un livre\" width=\"440\" height=\"247\" \/><\/figure>\n<\/div>\n<p><!-- Intro --><\/p>\n<section style=\"text-align: center; max-width: 750px; margin: 2em auto;\">\n<p style=\"color: #34566c; font-size: 1.2em; margin-top: 1.5em;\">En tant qu\u2019organisme de bienfaisance, nous comptons sur votre g\u00e9n\u00e9rosit\u00e9 pour maintenir un service bilingue personnalis\u00e9, pour accro\u00eetre notre catalogue et pour continuer d\u2019offrir des activit\u00e9s culturelles \u00e0 toute la population.<\/p>\n<p style=\"color: #34566c; font-size: 1.2em; font-weight: bold;\">Chaque contribution, m\u00eame modeste, est grandement appr\u00e9ci\u00e9e !<\/p>\n<\/section>\n<hr style=\"width: 60%; margin: 2em auto; border: 1px solid #ddd;\" \/>\n<p><!-- Fundraising goal --><\/p>\n<section style=\"max-width: 750px; margin: auto;\">\n<h2 style=\"color: #c0392b; text-align: center;\">Aidez-nous \u00e0 atteindre nos objectifs de collecte de fonds pour 2025<\/h2>\n<p>Saviez-vous que la biblioth\u00e8que compte maintenant plus de\u00a0<strong>1 850 usagers actifs<\/strong>\u00a0\u2014 environ 350 de plus que l\u2019an pass\u00e9? Pourtant, seulement\u00a0<strong>6 %<\/strong>\u00a0de nos membres ont fait un don pour soutenir la biblioth\u00e8que. Cette ann\u00e9e, on vise \u00e0 atteindre\u00a0<strong>10 %<\/strong>!<\/p>\n<p>Si\u00a0<strong>185 usagers<\/strong>\u00a0donnaient chacun\u00a0<strong>20 $<\/strong>, on atteindrait notre objectif de\u00a0<strong>3 700 $<\/strong>, ce qui nous permettrait d\u2019assurer la vitalit\u00e9 de la biblioth\u00e8que pour toute la communaut\u00e9.<\/p>\n<\/section>\n<hr style=\"width: 60%; margin: 2em auto; border: 1px solid #ddd;\" \/>\n<p><!-- Adopt-a-book --><\/p>\n<section style=\"max-width: 750px; margin: auto;\">\n<h2 style=\"text-align: center;\">Vous pouvez nous aider \u00e0 y arriver en participant \u00e0 notre\u00a0<strong>campagne \u201cParrainez\u00a0 un livre\u201d<\/strong>.<\/h2>\n<h3 style=\"color: #c0392b;\">Voici comment cela fonctionne :<\/h3>\n<ol>\n<li>Choisissez un livre parmi les nouveaut\u00e9s en vitrine \u00e0 la biblioth\u00e8que ou dans<a href=\"https:\/\/bibliolennoxvillelibrary.ca\/fr\/liste-des-nouveautes\/\" target=\"_blank\" rel=\"noopener noreferrer\">\u00a0la liste des nouveaux livres sur notre site web.<\/a><\/li>\n<li>Faites un don en argent comptant, par ch\u00e8que ou par carte de d\u00e9bit, \u00e9quivalant au prix de d\u00e9tail du livre (habituellement entre\u00a0<strong>20 $ et 45 $<\/strong>).<br \/>\n<h3>\n<a href=\"https:\/\/www.zeffy.com\/en-CA\/donation-form\/adopt-a-book-parrainez-un-livre\" target=\"_blank\" rel=\"noopener noreferrer\">En quelques clics, vous pouvez aussi soutenir la biblioth\u00e8que d\u00e8s maintenant en parrainant un livre sur la plateforme Zeffy.<\/a><\/h3>\n<\/li>\n<\/ol>\n<p>Nous inscrirons votre nom \u2014 ou celui d\u2019une personne que vous souhaitez honorer \u2014 sur une \u00e9tiquette \u00e0 l\u2019int\u00e9rieur du livre, et un\u00a0<strong>re\u00e7u pour fins d\u2019imp\u00f4t<\/strong>\u00a0vous sera remis.<\/p>\n<div style=\"text-align: center; margin-top: 2em;\"><\/div>\n<\/section>\n","protected":false},"excerpt":{"rendered":"<p>En tant qu\u2019organisme de bienfaisance, nous comptons sur votre g\u00e9n\u00e9rosit\u00e9 pour maintenir un service bilingue personnalis\u00e9, pour accro\u00eetre notre catalogue et pour continuer d\u2019offrir des activit\u00e9s culturelles \u00e0 toute la population. Chaque contribution, m\u00eame modeste, est grandement appr\u00e9ci\u00e9e ! Aidez-nous \u00e0 atteindre nos objectifs de collecte de fonds pour 2025 Saviez-vous que la biblioth\u00e8que compte [&hellip;]<\/p>\n","protected":false},"author":2,"featured_media":0,"parent":0,"menu_order":0,"comment_status":"closed","ping_status":"closed","template":"","meta":[],"_links":{"self":[{"href":"https:\/\/bibliolennoxvillelibrary.ca\/fr\/wp-json\/wp\/v2\/pages\/4518"}],"collection":[{"href":"https:\/\/bibliolennoxvillelibrary.ca\/fr\/wp-json\/wp\/v2\/pages"}],"about":[{"href":"https:\/\/bibliolennoxvillelibrary.ca\/fr\/wp-json\/wp\/v2\/types\/page"}],"author":[{"embeddable":true,"href":"https:\/\/bibliolennoxvillelibrary.ca\/fr\/wp-json\/wp\/v2\/users\/2"}],"replies":[{"embeddable":true,"href":"https:\/\/bibliolennoxvillelibrary.ca\/fr\/wp-json\/wp\/v2\/comments?post=4518"}],"version-history":[{"count":55,"href":"https:\/\/bibliolennoxvillelibrary.ca\/fr\/wp-json\/wp\/v2\/pages\/4518\/revisions"}],"predecessor-version":[{"id":11375,"href":"https:\/\/bibliolennoxvillelibrary.ca\/fr\/wp-json\/wp\/v2\/pages\/4518\/revisions\/11375"}],"wp:attachment":[{"href":"https:\/\/bibliolennoxvillelibrary.ca\/fr\/wp-json\/wp\/v2\/media?parent=4518"}],"curies":[{"name":"wp","href":"https:\/\/api.w.org\/{rel}","templated":true}]}}