{"id":526,"date":"2015-09-17T16:10:59","date_gmt":"2015-09-17T20:10:59","guid":{"rendered":"http:\/\/www.bibliolennoxvillelibrary.ca\/?page_id=526"},"modified":"2026-04-02T14:49:32","modified_gmt":"2026-04-02T18:49:32","slug":"liste-des-nouveautes","status":"publish","type":"page","link":"https:\/\/bibliolennoxvillelibrary.ca\/fr\/liste-des-nouveautes\/","title":{"rendered":"Liste des nouveaut\u00e9s"},"content":{"rendered":"\n<h2>Cliquez sur les images ci-dessous pour obtenir la liste compl\u00e8te des nouveaut\u00e9s de la biblioth\u00e8que ce mois-ci.<\/h2>\n\n\n\n<h2><br>Vous trouverez des liens vers les nouveaux livres et films dans notre catalogue par cat\u00e9gorie <a href=\"https:\/\/bibliolennoxvillelibrary.ca\/fr\/des-nouveaux-livres-et-films-a-votre-bibliotheque\/\" target=\"_blank\" rel=\"noreferrer noopener\">ici<\/a>.<\/h2>\n\n\n\n<h2><br>Vous voulez sugg\u00e9rer un document \u00e0 acheter ? <a href=\"https:\/\/docs.google.com\/forms\/d\/e\/1FAIpQLSecBCuD4hg1WC2kJ5iIF6uJNh4cfcqnvbvsuhNAtxuBpB6-nw\/viewform\" target=\"_blank\" rel=\"noreferrer noopener\">Cliquez ici.<\/a><\/h2>\n\n\n\n<div style=\"height:20px\" aria-hidden=\"true\" class=\"wp-block-spacer\"><\/div>\n\n\n\n<h2><strong>DVDs<\/strong><\/h2>\n\n\n\n<p>Cliquez sur l\u2019illustration du film ci-apr\u00e8s pour une liste compl\u00e8te<\/p>\n\n\n\n<figure class=\"wp-block-image size-large\"><a href=\"https:\/\/bibliolennoxvillelibrary.ca\/fr\/nouveautes-en-dvd\/\"><img loading=\"lazy\" width=\"1024\" height=\"282\" src=\"https:\/\/bibliolennoxvillelibrary.ca\/wp-content\/uploads\/2026\/03\/dvd-1024x282.png\" alt=\"\" class=\"wp-image-12012\" srcset=\"https:\/\/bibliolennoxvillelibrary.ca\/wp-content\/uploads\/2026\/03\/dvd-1024x282.png 1024w, https:\/\/bibliolennoxvillelibrary.ca\/wp-content\/uploads\/2026\/03\/dvd-300x83.png 300w, https:\/\/bibliolennoxvillelibrary.ca\/wp-content\/uploads\/2026\/03\/dvd-768x211.png 768w, https:\/\/bibliolennoxvillelibrary.ca\/wp-content\/uploads\/2026\/03\/dvd-624x172.png 624w, https:\/\/bibliolennoxvillelibrary.ca\/wp-content\/uploads\/2026\/03\/dvd.png 1177w\" sizes=\"(max-width: 1024px) 100vw, 1024px\" \/><\/a><\/figure>\n\n\n\n<div style=\"height:40px\" aria-hidden=\"true\" class=\"wp-block-spacer\"><\/div>\n\n\n\n<h2><strong>Livres en fran\u00e7ais pour adultes<\/strong><\/h2>\n\n\n\n<p>Cliquez sur l\u2019illustration du livre ci-apr\u00e8s pour une liste compl\u00e8te<\/p>\n\n\n\n<figure class=\"wp-block-image size-large\"><a href=\"https:\/\/bibliolennoxvillelibrary.ca\/nouveaux-livres-en-francais-pour-adultes\/\"><img loading=\"lazy\" width=\"1003\" height=\"296\" src=\"https:\/\/bibliolennoxvillelibrary.ca\/wp-content\/uploads\/2026\/04\/Adult_French_2026-04-02-1.png\" alt=\"\" class=\"wp-image-12047\" srcset=\"https:\/\/bibliolennoxvillelibrary.ca\/wp-content\/uploads\/2026\/04\/Adult_French_2026-04-02-1.png 1003w, https:\/\/bibliolennoxvillelibrary.ca\/wp-content\/uploads\/2026\/04\/Adult_French_2026-04-02-1-300x89.png 300w, https:\/\/bibliolennoxvillelibrary.ca\/wp-content\/uploads\/2026\/04\/Adult_French_2026-04-02-1-768x227.png 768w, https:\/\/bibliolennoxvillelibrary.ca\/wp-content\/uploads\/2026\/04\/Adult_French_2026-04-02-1-624x184.png 624w\" sizes=\"(max-width: 1003px) 100vw, 1003px\" \/><\/a><\/figure>\n\n\n\n<div style=\"height:40px\" aria-hidden=\"true\" class=\"wp-block-spacer\"><\/div>\n\n\n\n<h2><strong>Livres en fran\u00e7ais pour jeunes lecteurs<\/strong><\/h2>\n\n\n\n<p>Cliquez sur l\u2019illustration du livre ci-apr\u00e8s pour une liste compl\u00e8te<\/p>\n\n\n\n<figure class=\"wp-block-image size-large\"><a href=\"https:\/\/bibliolennoxvillelibrary.ca\/nouveaux-livres-en-francais-pour-jeunes-lecteurs\/\"><img loading=\"lazy\" width=\"1020\" height=\"255\" src=\"https:\/\/bibliolennoxvillelibrary.ca\/wp-content\/uploads\/2026\/04\/Juvenile_French_2026-04-02-1.png\" alt=\"\" class=\"wp-image-12049\" srcset=\"https:\/\/bibliolennoxvillelibrary.ca\/wp-content\/uploads\/2026\/04\/Juvenile_French_2026-04-02-1.png 1020w, https:\/\/bibliolennoxvillelibrary.ca\/wp-content\/uploads\/2026\/04\/Juvenile_French_2026-04-02-1-300x75.png 300w, https:\/\/bibliolennoxvillelibrary.ca\/wp-content\/uploads\/2026\/04\/Juvenile_French_2026-04-02-1-768x192.png 768w, https:\/\/bibliolennoxvillelibrary.ca\/wp-content\/uploads\/2026\/04\/Juvenile_French_2026-04-02-1-624x156.png 624w\" sizes=\"(max-width: 1020px) 100vw, 1020px\" \/><\/a><\/figure>\n\n\n\n<div style=\"height:40px\" aria-hidden=\"true\" class=\"wp-block-spacer\"><\/div>\n\n\n\n<h2><strong>Livres en anglais pour adultes<\/strong><\/h2>\n\n\n\n<p>Cliquez sur l\u2019illustration du livre ci-apr\u00e8s pour une liste compl\u00e8te<\/p>\n\n\n\n<figure class=\"wp-block-image size-large\"><a href=\"https:\/\/bibliolennoxvillelibrary.ca\/books-in-english-for-adults\/\"><img loading=\"lazy\" width=\"1024\" height=\"305\" src=\"https:\/\/bibliolennoxvillelibrary.ca\/wp-content\/uploads\/2026\/04\/Adult_English_2026-04-02-1-1024x305.png\" alt=\"\" class=\"wp-image-12051\" srcset=\"https:\/\/bibliolennoxvillelibrary.ca\/wp-content\/uploads\/2026\/04\/Adult_English_2026-04-02-1-1024x305.png 1024w, https:\/\/bibliolennoxvillelibrary.ca\/wp-content\/uploads\/2026\/04\/Adult_English_2026-04-02-1-300x89.png 300w, https:\/\/bibliolennoxvillelibrary.ca\/wp-content\/uploads\/2026\/04\/Adult_English_2026-04-02-1-768x229.png 768w, https:\/\/bibliolennoxvillelibrary.ca\/wp-content\/uploads\/2026\/04\/Adult_English_2026-04-02-1-624x186.png 624w, https:\/\/bibliolennoxvillelibrary.ca\/wp-content\/uploads\/2026\/04\/Adult_English_2026-04-02-1.png 1027w\" sizes=\"(max-width: 1024px) 100vw, 1024px\" \/><\/a><\/figure>\n\n\n\n<div style=\"height:39px\" aria-hidden=\"true\" class=\"wp-block-spacer\"><\/div>\n\n\n\n<h2><strong>Livres en anglais pour jeunes lecteurs<\/strong><\/h2>\n\n\n\n<p>Cliquez sur l\u2019illustration du livre ci-apr\u00e8s pour une liste compl\u00e8te<\/p>\n\n\n\n<figure class=\"wp-block-image size-large\"><a href=\"https:\/\/bibliolennoxvillelibrary.ca\/english-books-for-young-readers\/\"><img loading=\"lazy\" width=\"1024\" height=\"301\" src=\"https:\/\/bibliolennoxvillelibrary.ca\/wp-content\/uploads\/2026\/04\/Juvenile_English_2026-04-02-1-1024x301.png\" alt=\"\" class=\"wp-image-12053\" srcset=\"https:\/\/bibliolennoxvillelibrary.ca\/wp-content\/uploads\/2026\/04\/Juvenile_English_2026-04-02-1-1024x301.png 1024w, https:\/\/bibliolennoxvillelibrary.ca\/wp-content\/uploads\/2026\/04\/Juvenile_English_2026-04-02-1-300x88.png 300w, https:\/\/bibliolennoxvillelibrary.ca\/wp-content\/uploads\/2026\/04\/Juvenile_English_2026-04-02-1-768x226.png 768w, https:\/\/bibliolennoxvillelibrary.ca\/wp-content\/uploads\/2026\/04\/Juvenile_English_2026-04-02-1-624x183.png 624w, https:\/\/bibliolennoxvillelibrary.ca\/wp-content\/uploads\/2026\/04\/Juvenile_English_2026-04-02-1.png 1041w\" sizes=\"(max-width: 1024px) 100vw, 1024px\" \/><\/a><\/figure>\n","protected":false},"excerpt":{"rendered":"<p>Cliquez sur les images ci-dessous pour obtenir la liste compl\u00e8te des nouveaut\u00e9s de la biblioth\u00e8que ce mois-ci. Vous trouverez des liens vers les nouveaux livres et films dans notre catalogue par cat\u00e9gorie ici. Vous voulez sugg\u00e9rer un document \u00e0 acheter ? Cliquez ici. DVDs Cliquez sur l\u2019illustration du film ci-apr\u00e8s pour une liste compl\u00e8te Livres [&hellip;]<\/p>\n","protected":false},"author":2,"featured_media":0,"parent":0,"menu_order":0,"comment_status":"open","ping_status":"open","template":"","meta":[],"_links":{"self":[{"href":"https:\/\/bibliolennoxvillelibrary.ca\/fr\/wp-json\/wp\/v2\/pages\/526"}],"collection":[{"href":"https:\/\/bibliolennoxvillelibrary.ca\/fr\/wp-json\/wp\/v2\/pages"}],"about":[{"href":"https:\/\/bibliolennoxvillelibrary.ca\/fr\/wp-json\/wp\/v2\/types\/page"}],"author":[{"embeddable":true,"href":"https:\/\/bibliolennoxvillelibrary.ca\/fr\/wp-json\/wp\/v2\/users\/2"}],"replies":[{"embeddable":true,"href":"https:\/\/bibliolennoxvillelibrary.ca\/fr\/wp-json\/wp\/v2\/comments?post=526"}],"version-history":[{"count":383,"href":"https:\/\/bibliolennoxvillelibrary.ca\/fr\/wp-json\/wp\/v2\/pages\/526\/revisions"}],"predecessor-version":[{"id":12056,"href":"https:\/\/bibliolennoxvillelibrary.ca\/fr\/wp-json\/wp\/v2\/pages\/526\/revisions\/12056"}],"wp:attachment":[{"href":"https:\/\/bibliolennoxvillelibrary.ca\/fr\/wp-json\/wp\/v2\/media?parent=526"}],"curies":[{"name":"wp","href":"https:\/\/api.w.org\/{rel}","templated":true}]}}