{"id":5619,"date":"2022-03-14T12:05:18","date_gmt":"2022-03-14T16:05:18","guid":{"rendered":"https:\/\/bibliolennoxvillelibrary.ca\/?page_id=5619"},"modified":"2022-06-01T16:20:45","modified_gmt":"2022-06-01T20:20:45","slug":"des-nouveaux-livres-et-films-a-votre-bibliotheque","status":"publish","type":"page","link":"https:\/\/bibliolennoxvillelibrary.ca\/fr\/des-nouveaux-livres-et-films-a-votre-bibliotheque\/","title":{"rendered":"NOS NOUVEAUT\u00c9S"},"content":{"rendered":"\n<h2 class=\"has-text-align-center\"><span class=\"has-inline-color has-vivid-red-color\">Visionnez-les tous par cat\u00e9gorie dans notre CATALOGUE EN LIGNE aux liens suivants:<\/span><\/h2>\n\n\n\n<h2 class=\"has-text-align-center\"><a href=\"https:\/\/mbcpe.ent.sirsidynix.net\/client\/fr_CA\/Estrie\/search\/results?qf=RBE_598%09Nouveaut%C3%A9s%091%3ALENNOXVILL%2C%09Lennoxville&amp;qf=LANGUAGE%09Langue%09FRE%09Fran%C3%A7ais&amp;qf=ITEMCAT2%09Public+cible%091%3AADULTE%09Adulte&amp;qf=ITYPE%09Cat%C3%A9gorie%091%3ADOF%09Documentaire+adulte+%7C%7C+1%3ANEW-BOOK%09Nouveaut%C3%A9&amp;lm=E080-BIBLI\" target=\"_blank\" rel=\"noreferrer noopener\">ROMANS ET DOCUMENTAIRES EN FRAN\u00c7AIS POUR ADULTES<\/a>\u00a0<\/h2>\n\n\n\n<h2 class=\"has-text-align-center\"><a href=\"https:\/\/mbcpe.ent.sirsidynix.net\/client\/en_CA\/EstrieEn\/search\/results?qf=LIBRARY%09Biblioth%C3%A8que%091%3AE080-BIBLI%09Lennoxville&amp;qf=LANGUAGE%09Langue%09ENG%09Anglais&amp;qf=PUBDATE%09Publication+Date%092022%092022&amp;qf=ITYPE%09Material+Type%091%3ADOA%09Adult+Nonfiction+%7C%7C+1%3AROA%09Adult+Novel+%7C%7C+1%3ANEWBOOKEN%09New+Book&amp;isd=true\" target=\"_blank\" rel=\"noreferrer noopener\">ROMANS ET DOCUMENTAIRES EN ANGLAIS POUR ADULTES<\/a>&nbsp;<\/h2>\n\n\n\n<h2 class=\"has-text-align-center\"><a href=\"https:\/\/mbcpe.ent.sirsidynix.net\/client\/fr_CA\/Estrie\/search\/results?qf=RBE_598%09Nouveaut%C3%A9s%091%3ALENNOXVILL%2C%09Lennoxville&amp;qf=LANGUAGE%09Langue%09FRE%09Fran%C3%A7ais&amp;qf=ITEMCAT2%09Public+cible%091%3AJUVENILE%09Jeunesse+%7C%7C+1%3ABENJAMIN%09Tout-petit+%7C%7C+1%3AADOLESCENT%09Adolescent&amp;qf=ITYPE%09Cat%C3%A9gorie%091%3AJAF%09Album+jeune&amp;lm=E080-BIBLI\" target=\"_blank\" rel=\"noreferrer noopener\">ALBUMS EN FRAN\u00c7AIS POUR ENFANTS<\/a>\u00a0<\/h2>\n\n\n\n<h2 class=\"has-text-align-center\"><a href=\"https:\/\/mbcpe.ent.sirsidynix.net\/client\/en_CA\/EstrieEn\/search\/results?qf=RBE_598%09New+Titles%091%3ALENNOXVILL%2C%09Lennoxville&amp;qf=LANGUAGE%09Language%09ENG%09English&amp;qf=ITEMCAT2%09+Target+audience%091%3AJUVENILE%09+Youth+%7C%7C+1%3AADOLESCENT%09Teenager+%7C%7C+1%3ABENJAMIN%09Toddler&amp;qf=ITYPE%09Material+Type%091%3AJAA%09Juvenile+Picture+Book&amp;lm=E080-BIBLI&amp;isd=true\" target=\"_blank\" rel=\"noreferrer noopener\">ALBUMS EN ANGLAIS POUR ENFANTS<\/a>&nbsp;<\/h2>\n\n\n\n<h2 class=\"has-text-align-center\"><a href=\"https:\/\/mbcpe.ent.sirsidynix.net\/client\/fr_CA\/Estrie\/search\/results?qf=RBE_598%09Nouveaut%C3%A9s%091%3ALENNOXVILL%2C%09Lennoxville&amp;qf=LANGUAGE%09Langue%09FRE%09Fran%C3%A7ais&amp;qf=ITEMCAT2%09Public+cible%091%3AJUVENILE%09Jeunesse+%7C%7C+1%3ABENJAMIN%09Tout-petit+%7C%7C+1%3AADOLESCENT%09Adolescent&amp;qf=ITYPE%09Cat%C3%A9gorie%091%3AJDF%09Documentaire+jeune+%7C%7C+1%3AJRF%09Roman+jeune&amp;lm=E080-BIBLI\" target=\"_blank\" rel=\"noreferrer noopener\">ROMANS ET DOCUMENTAIRES EN FRAN\u00c7AIS POUR ENFANTS ET ADOLESCENTS<\/a>\u00a0<\/h2>\n\n\n\n<h2 class=\"has-text-align-center\"><a href=\"https:\/\/mbcpe.ent.sirsidynix.net\/client\/en_CA\/EstrieEn\/search\/results?qf=RBE_598%09New+Titles%091%3ALENNOXVILL%2C%09Lennoxville&amp;qf=LANGUAGE%09Language%09ENG%09English&amp;qf=ITEMCAT2%09+Target+audience%091%3AJUVENILE%09+Youth+%7C%7C+1%3AADOLESCENT%09Teenager+%7C%7C+1%3ABENJAMIN%09Toddler&amp;qf=ITYPE%09Material+Type%091%3AJDA%09Juvenile+Nonfiction+%7C%7C+1%3AJRA%09Juvenile+Novel&amp;lm=E080-BIBLI&amp;isd=true\" target=\"_blank\" rel=\"noreferrer noopener\">ROMANS ET DOCUMENTAIRES EN ANGLAIS POUR ENFANTS ET ADOLESCENTS<\/a><\/h2>\n\n\n\n<h2 class=\"has-text-align-center\"><a href=\"https:\/\/mbcpe.ent.sirsidynix.net\/client\/fr_CA\/Estrie\/search\/results?qf=RBE_598%09Nouveaut%C3%A9s%091%3ALENNOXVILL%2C%09Lennoxville&amp;qf=LANGUAGE%09Langue%09FRE%09Fran%C3%A7ais&amp;qf=ITEMCAT2%09Public+cible%091%3AJUVENILE%09Jeunesse+%7C%7C+1%3ABENJAMIN%09Tout-petit+%7C%7C+1%3AADOLESCENT%09Adolescent&amp;qf=ITYPE%09Cat%C3%A9gorie%091%3ABDF%09Bande+dessin%C3%A9e&amp;lm=E080-BIBLI\" target=\"_blank\" rel=\"noreferrer noopener\">BANDES DESSIN\u00c9ES ET ROMANS GRAPHIQUES EN FRAN\u00c7AIS<\/a><\/h2>\n\n\n\n<h2 class=\"has-text-align-center\"><a href=\"https:\/\/mbcpe.ent.sirsidynix.net\/client\/en_CA\/EstrieEn\/search\/results?qf=RBE_598%09New+Titles%091%3ALENNOXVILL%2C%09Lennoxville&amp;qf=LANGUAGE%09Language%09ENG%09English&amp;qf=ITEMCAT2%09+Target+audience%091%3AJUVENILE%09+Youth+%7C%7C+1%3AADOLESCENT%09Teenager+%7C%7C+1%3ABENJAMIN%09Toddler&amp;qf=ITYPE%09Material+Type%091%3ABDA%09Comic+book&amp;lm=E080-BIBLI&amp;isd=true\" target=\"_blank\" rel=\"noreferrer noopener\">BANDES DESSIN\u00c9ES ET ROMANS GRAPHIQUES EN ANGLAIS<\/a><\/h2>\n\n\n\n<h2 class=\"has-text-align-center\"><a rel=\"noreferrer noopener\" href=\"https:\/\/mbcpe.ent.sirsidynix.net\/client\/fr_CA\/Estrie\/search\/results?qf=RBE_598%09Nouveaut%C3%A9s%091%3ALENNOXVILL%2C%09Lennoxville&amp;qf=FORMAT%09Format+de+document%09VIDEODISC%09DVD&amp;lm=E080-BIBLI\" target=\"_blank\">DVD ET T\u00c9L\u00c9-S\u00c9RIES<\/a><\/h2>\n","protected":false},"excerpt":{"rendered":"<p>Visionnez-les tous par cat\u00e9gorie dans notre CATALOGUE EN LIGNE aux liens suivants: ROMANS ET DOCUMENTAIRES EN FRAN\u00c7AIS POUR ADULTES\u00a0 ROMANS ET DOCUMENTAIRES EN ANGLAIS POUR ADULTES&nbsp; ALBUMS EN FRAN\u00c7AIS POUR ENFANTS\u00a0 ALBUMS EN ANGLAIS POUR ENFANTS&nbsp; ROMANS ET DOCUMENTAIRES EN FRAN\u00c7AIS POUR ENFANTS ET ADOLESCENTS\u00a0 ROMANS ET DOCUMENTAIRES EN ANGLAIS POUR ENFANTS ET ADOLESCENTS BANDES [&hellip;]<\/p>\n","protected":false},"author":2,"featured_media":0,"parent":0,"menu_order":0,"comment_status":"closed","ping_status":"closed","template":"","meta":[],"_links":{"self":[{"href":"https:\/\/bibliolennoxvillelibrary.ca\/fr\/wp-json\/wp\/v2\/pages\/5619"}],"collection":[{"href":"https:\/\/bibliolennoxvillelibrary.ca\/fr\/wp-json\/wp\/v2\/pages"}],"about":[{"href":"https:\/\/bibliolennoxvillelibrary.ca\/fr\/wp-json\/wp\/v2\/types\/page"}],"author":[{"embeddable":true,"href":"https:\/\/bibliolennoxvillelibrary.ca\/fr\/wp-json\/wp\/v2\/users\/2"}],"replies":[{"embeddable":true,"href":"https:\/\/bibliolennoxvillelibrary.ca\/fr\/wp-json\/wp\/v2\/comments?post=5619"}],"version-history":[{"count":6,"href":"https:\/\/bibliolennoxvillelibrary.ca\/fr\/wp-json\/wp\/v2\/pages\/5619\/revisions"}],"predecessor-version":[{"id":5827,"href":"https:\/\/bibliolennoxvillelibrary.ca\/fr\/wp-json\/wp\/v2\/pages\/5619\/revisions\/5827"}],"wp:attachment":[{"href":"https:\/\/bibliolennoxvillelibrary.ca\/fr\/wp-json\/wp\/v2\/media?parent=5619"}],"curies":[{"name":"wp","href":"https:\/\/api.w.org\/{rel}","templated":true}]}}