{"id":578,"date":"2015-11-03T09:45:45","date_gmt":"2015-11-03T14:45:45","guid":{"rendered":"http:\/\/www.bibliolennoxvillelibrary.ca\/?page_id=578"},"modified":"2026-04-10T14:18:04","modified_gmt":"2026-04-10T18:18:04","slug":"qui-sommes-nous","status":"publish","type":"page","link":"https:\/\/bibliolennoxvillelibrary.ca\/fr\/qui-sommes-nous\/","title":{"rendered":"Qui sommes-nous?"},"content":{"rendered":"<h2><span style=\"color: #800000;\"><strong>Mission de la biblioth\u00e8que Lennoxville Library:<\/strong><\/span><\/h2>\n<h2><span style=\"font-weight: 400;\">Offrir gratuitement aux r\u00e9sidents de Sherbrooke, et \u00e0 un co\u00fbt abordable aux non-r\u00e9sidents, l&rsquo;acc\u00e8s \u00e0 des livres, ressources, activit\u00e9s et services aussi bien en anglais qu\u2019en fran\u00e7ais.\u00a0<\/span><\/h2>\n<h2><span style=\"font-weight: 400;\">\u00catre \u00e0 l\u2019\u00e9coute des besoins de la communaut\u00e9 en offrant des occasions de se rencontrer, d\u2019apprendre, de cr\u00e9er et de se cultiver.<\/span><\/h2>\n<h2><a href=\"https:\/\/bibliolennoxvillelibrary.ca\/fr\/notre-equipe\/\">Apprenez-en plus sur nos administrateurs b\u00e9n\u00e9voles et le personnel de la biblioth\u00e8que.<\/a><\/h2>\n<h2><strong><a href=\"https:\/\/bibliolennoxvillelibrary.ca\/wp-content\/uploads\/2026\/03\/Annual-Report-2025-1.pdf\" target=\"_blank\" rel=\"noopener noreferrer\"><span style=\"color: #333399;\">Lire le Rapport annuel de la biblioth\u00e8que pour 2025<\/span><\/a><\/strong><\/h2>\n<h3><span style=\"color: #ff0000;\">La Biblioth\u00e8que Lennoxville Library est un organisme de bienfaisance enregistr\u00e9 qui d\u00e9pend des contributions financi\u00e8res de la communaut\u00e9 pour assurer ses activit\u00e9s de base.<\/span><span style=\"color: #000000;\"> <a style=\"color: #000000;\" href=\"https:\/\/www.zeffy.com\/fr-CA\/ticketing\/bibliotheque-lennoxville-library-supporting-membership\"><em>Pour savoir comment vous pouvez soutenir la biblioth\u00e8que, cliquez ici.<\/em><\/a><\/span><\/h3>\n\n\n<div class=\"wp-block-image\"><figure class=\"aligncenter size-large\"><img loading=\"lazy\" width=\"683\" height=\"1024\" src=\"https:\/\/bibliolennoxvillelibrary.ca\/wp-content\/uploads\/2026\/01\/2025-Poster-1-683x1024.png\" alt=\"\" class=\"wp-image-11692\" srcset=\"https:\/\/bibliolennoxvillelibrary.ca\/wp-content\/uploads\/2026\/01\/2025-Poster-1-683x1024.png 683w, https:\/\/bibliolennoxvillelibrary.ca\/wp-content\/uploads\/2026\/01\/2025-Poster-1-200x300.png 200w, https:\/\/bibliolennoxvillelibrary.ca\/wp-content\/uploads\/2026\/01\/2025-Poster-1-768x1152.png 768w, https:\/\/bibliolennoxvillelibrary.ca\/wp-content\/uploads\/2026\/01\/2025-Poster-1-1024x1536.png 1024w, https:\/\/bibliolennoxvillelibrary.ca\/wp-content\/uploads\/2026\/01\/2025-Poster-1-1365x2048.png 1365w, https:\/\/bibliolennoxvillelibrary.ca\/wp-content\/uploads\/2026\/01\/2025-Poster-1-624x936.png 624w, https:\/\/bibliolennoxvillelibrary.ca\/wp-content\/uploads\/2026\/01\/2025-Poster-1.png 1536w\" sizes=\"(max-width: 683px) 100vw, 683px\" \/><\/figure><\/div>\n\n\n\n<h3><strong>Une br\u00e8ve histoire de la Biblioth\u00e8que<\/strong><\/h3>\n\n\n\n<p><em>En 1912, le village de Lennoxville a accord\u00e9 la permission au Dr E . A. (Archie) Robertson et \u00e0 la Lennoxville Library Association d&rsquo;ouvrir une biblioth\u00e8que et une salle de lecture au rez-de-chauss\u00e9e de l&rsquo;h\u00f4tel de ville (l&rsquo;actuel bureau de l&rsquo;arrondissement). Au fil du temps, la collection et le nombre d&rsquo;utilisateurs ont augment\u00e9 \u00e0 un point tel qu&rsquo;il a fallu chercher un nouvel emplacement.<\/em><\/p>\n\n\n\n<p><em>En 1970, la ville de Lennoxville a fait l&rsquo;acquisition de l&rsquo;ancien bureau de poste situ\u00e9 \u00e0 l&rsquo;angle des rues Queen et College. Apr\u00e8s des r\u00e9novations, la biblioth\u00e8que s&rsquo;y est install\u00e9e. Au fil des ans, la biblioth\u00e8que a partag\u00e9 ses locaux avec divers groupes, dont la Soci\u00e9t\u00e9 historique et mus\u00e9ale de Lennoxville-Ascot, et plus tard la Maison des jeunes de Lennoxville.<\/em><\/p>\n\n\n\n<p><em>Depuis maintenant 100 ans, un petit personnel et un grand nombre de b\u00e9n\u00e9voles contribuent \u00e0 pr\u00e9senter une grande vari\u00e9t\u00e9 de documents aux citoyens de Lennoxville et des environs.<\/em><\/p>\n","protected":false},"excerpt":{"rendered":"<p>Mission de la biblioth\u00e8que Lennoxville Library: Offrir gratuitement aux r\u00e9sidents de Sherbrooke, et \u00e0 un co\u00fbt abordable aux non-r\u00e9sidents, l&rsquo;acc\u00e8s \u00e0 des livres, ressources, activit\u00e9s et services aussi bien en anglais qu\u2019en fran\u00e7ais.\u00a0 \u00catre \u00e0 l\u2019\u00e9coute des besoins de la communaut\u00e9 en offrant des occasions de se rencontrer, d\u2019apprendre, de cr\u00e9er et de se cultiver. [&hellip;]<\/p>\n","protected":false},"author":1,"featured_media":0,"parent":0,"menu_order":0,"comment_status":"open","ping_status":"closed","template":"","meta":[],"_links":{"self":[{"href":"https:\/\/bibliolennoxvillelibrary.ca\/fr\/wp-json\/wp\/v2\/pages\/578"}],"collection":[{"href":"https:\/\/bibliolennoxvillelibrary.ca\/fr\/wp-json\/wp\/v2\/pages"}],"about":[{"href":"https:\/\/bibliolennoxvillelibrary.ca\/fr\/wp-json\/wp\/v2\/types\/page"}],"author":[{"embeddable":true,"href":"https:\/\/bibliolennoxvillelibrary.ca\/fr\/wp-json\/wp\/v2\/users\/1"}],"replies":[{"embeddable":true,"href":"https:\/\/bibliolennoxvillelibrary.ca\/fr\/wp-json\/wp\/v2\/comments?post=578"}],"version-history":[{"count":28,"href":"https:\/\/bibliolennoxvillelibrary.ca\/fr\/wp-json\/wp\/v2\/pages\/578\/revisions"}],"predecessor-version":[{"id":12157,"href":"https:\/\/bibliolennoxvillelibrary.ca\/fr\/wp-json\/wp\/v2\/pages\/578\/revisions\/12157"}],"wp:attachment":[{"href":"https:\/\/bibliolennoxvillelibrary.ca\/fr\/wp-json\/wp\/v2\/media?parent=578"}],"curies":[{"name":"wp","href":"https:\/\/api.w.org\/{rel}","templated":true}]}}