{"id":7,"date":"2014-06-05T13:05:37","date_gmt":"2014-06-05T17:05:37","guid":{"rendered":"http:\/\/www.lennox.dev-mmm.com\/?page_id=7"},"modified":"2021-08-05T13:47:56","modified_gmt":"2021-08-05T17:47:56","slug":"pret","status":"publish","type":"page","link":"https:\/\/bibliolennoxvillelibrary.ca\/fr\/pret\/","title":{"rendered":"Catalogue"},"content":{"rendered":"<h2 style=\"text-align: center;\"><a href=\"https:\/\/forms.gle\/RDQVGEZgVyB76Gu38\" target=\"_blank\" rel=\"noopener noreferrer\"><span style=\"color: #993300;\"><em>CLIQUEZ ICI POUR SUGG\u00c9RER L&rsquo;ACHAT D&rsquo;UN DOCUMENT<\/em><\/span><\/a><\/h2>\n<h2 style=\"text-align: center;\"><span style=\"color: #ff0000;\"><strong>Comment vous connecter \u00e0 votre compte d&rsquo;usager pour utiliser les services en ligne de la biblioth\u00e8que:\u00a0<\/strong><\/span><\/h2>\n<h2 style=\"text-align: center;\">Votre<strong>\u00a0NOM D&rsquo;USAGER <\/strong>est\u00a0votre num\u00e9ro de carte de biblioth\u00e8que. (<strong>Exemple<\/strong>: MEM123456)<\/h2>\n<h2 style=\"text-align: center;\">Votre<strong> MOT DE PASSE <\/strong>est la premi\u00e8re lettre de votre nom de famille (en majuscule) + \u00a0les 4 derniers chiffres de votre carte de biblioth\u00e8que (<strong>Exemple<\/strong>: B3456)<\/h2>\n<h2 style=\"text-align: center;\">BESOIN D\u2019AIDE ADDITIONNELLE? <a href=\"mailto:bibliolen@gmail.com\">Envoyez un courriel \u00e0 la biblioth\u00e8que<\/a> ou appelez au num\u00e9ro ci-dessous<\/h2>\n","protected":false},"excerpt":{"rendered":"<p>CLIQUEZ ICI POUR SUGG\u00c9RER L&rsquo;ACHAT D&rsquo;UN DOCUMENT Comment vous connecter \u00e0 votre compte d&rsquo;usager pour utiliser les services en ligne de la biblioth\u00e8que:\u00a0 Votre\u00a0NOM D&rsquo;USAGER est\u00a0votre num\u00e9ro de carte de biblioth\u00e8que. (Exemple: MEM123456) Votre MOT DE PASSE est la premi\u00e8re lettre de votre nom de famille (en majuscule) + \u00a0les 4 derniers chiffres de votre [&hellip;]<\/p>\n","protected":false},"author":1,"featured_media":0,"parent":0,"menu_order":0,"comment_status":"open","ping_status":"closed","template":"templates\/pret.php","meta":[],"_links":{"self":[{"href":"https:\/\/bibliolennoxvillelibrary.ca\/fr\/wp-json\/wp\/v2\/pages\/7"}],"collection":[{"href":"https:\/\/bibliolennoxvillelibrary.ca\/fr\/wp-json\/wp\/v2\/pages"}],"about":[{"href":"https:\/\/bibliolennoxvillelibrary.ca\/fr\/wp-json\/wp\/v2\/types\/page"}],"author":[{"embeddable":true,"href":"https:\/\/bibliolennoxvillelibrary.ca\/fr\/wp-json\/wp\/v2\/users\/1"}],"replies":[{"embeddable":true,"href":"https:\/\/bibliolennoxvillelibrary.ca\/fr\/wp-json\/wp\/v2\/comments?post=7"}],"version-history":[{"count":14,"href":"https:\/\/bibliolennoxvillelibrary.ca\/fr\/wp-json\/wp\/v2\/pages\/7\/revisions"}],"predecessor-version":[{"id":3864,"href":"https:\/\/bibliolennoxvillelibrary.ca\/fr\/wp-json\/wp\/v2\/pages\/7\/revisions\/3864"}],"wp:attachment":[{"href":"https:\/\/bibliolennoxvillelibrary.ca\/fr\/wp-json\/wp\/v2\/media?parent=7"}],"curies":[{"name":"wp","href":"https:\/\/api.w.org\/{rel}","templated":true}]}}