{"id":9224,"date":"2024-04-15T14:09:52","date_gmt":"2024-04-15T18:09:52","guid":{"rendered":"https:\/\/bibliolennoxvillelibrary.ca\/?page_id=9224"},"modified":"2024-04-15T14:16:32","modified_gmt":"2024-04-15T18:16:32","slug":"politique-de-confidentialite","status":"publish","type":"page","link":"https:\/\/bibliolennoxvillelibrary.ca\/fr\/politique-de-confidentialite\/","title":{"rendered":"Politique de confidentialit\u00e9"},"content":{"rendered":"\n<p>Nous sommes soucieux des pr\u00e9occupations des visiteurs de notre site web en ce qui concerne la protection de leurs renseignements personnels. Cette politique a pour but d\u2019informer des pratiques de notre organisation en mati\u00e8re de collecte et d\u2019utilisation des informations personnelles que nous recueillons. Nous vous recommandons de lire cette politique avant d\u2019utiliser notre site.<\/p>\n\n\n\n<p>Sous r\u00e9serve des exceptions et exigences des lois applicables, nous ne communiquerons et ne divulguerons pas vos renseignements personnels \u00e0 quelques autres tiers sans votre consentement.<\/p>\n\n\n\n<p><strong>Formulaire de contact<\/strong><\/p>\n\n\n\n<p>En communiquant via le formulaire de contact nous pouvons recueillir des informations personnelles fournies telles le nom, l\u2019adresse courriel, le num\u00e9ro de t\u00e9l\u00e9phone, votre message.<\/p>\n\n\n\n<p>En utilisant le formulaire de contact, nous recueillons et traitons vos informations personnelles pour communiquer avec vous au sujet de votre demande d\u2019information.<\/p>\n\n\n\n<p><strong>Google Analytics<\/strong><\/p>\n\n\n\n<p>Notre site web utilise aussi la console Google Analytics pour les statistiques de fr\u00e9quentation du site web. (pour mesurer et collecter des informations de session, y compris les temps de r\u00e9ponse des pages, la dur\u00e9e des visites sur certaines pages, les informations d&rsquo;interaction des pages et les m\u00e9thodes utilis\u00e9es pour naviguer hors de la page.).<\/p>\n\n\n\n<p>L\u2019adresses de protocole Internet (IP) pour connecter votre ordinateur \u00e0 Internet est recueilli par Google Analytics, mais elle est automatiquement modifi\u00e9e par la version 4 de Google Analytics pour la rendre anonyme.<\/p>\n\n\n\n<p><strong>Consentement des fichiers t\u00e9moins (cookies)<\/strong><\/p>\n\n\n\n<p>Les fichiers t\u00e9moins de notre site web sont n\u00e9cessaires pour certaines fonctionnalit\u00e9s comme l\u2019affichage de cartes Google et l\u2019affichage de fen\u00eatres d\u2019information de style popups. Ils nous permettent aussi d\u2019analyser les statistiques de visites pour ainsi am\u00e9liorer l\u2019exp\u00e9rience et la qualit\u00e9 de la navigation.<\/p>\n\n\n\n<p>Si vous d\u00e9cidez de d\u00e9sactiver tous les t\u00e9moins (cookies) avec le bouton \u00ab\u00a0Personnaliser\u00a0\u00bb, certaines fonctionnalit\u00e9s de notre site web seront d\u00e9sactiv\u00e9es et aucunes donn\u00e9es ne seront sauvegard\u00e9es. Pour modifier vos options de consentement des fichiers t\u00e9moins de notre site web, <a href=\"https:\/\/bibliolennoxvillelibrary.ca\/fr\/politique-de-confidentialite\/?cky_preview=true\">cliquez ici pour faire appara\u00eetre la banni\u00e8re \u00e0 nouveau et modifier vos choix<\/a>.<\/p>\n\n\n\n<p><strong>Responsable de la protection des renseignements confidentiels<\/strong><\/p>\n\n\n\n<p>Si vous avez des questions ou des pr\u00e9occupations, si vous souhaitez exercer vos droits ou si vous voulez d\u00e9poser une plainte relative \u00e0 la protection des renseignements personnels, veuillez communiquer avec la personne responsable de la protection des renseignements personnels comme suit:<\/p>\n\n\n\n<p>Nom de la personne responsable: \u00a0Christian Collins<br>T\u00e9l\u00e9phone: 819-562-4949<br>Courriel: <a href=\"mailto:coordo.bibliolen@gmail.com\">coordo.bibliolen@gmail.com<\/a><\/p>\n","protected":false},"excerpt":{"rendered":"<p>Nous sommes soucieux des pr\u00e9occupations des visiteurs de notre site web en ce qui concerne la protection de leurs renseignements personnels. Cette politique a pour but d\u2019informer des pratiques de notre organisation en mati\u00e8re de collecte et d\u2019utilisation des informations personnelles que nous recueillons. Nous vous recommandons de lire cette politique avant d\u2019utiliser notre site. [&hellip;]<\/p>\n","protected":false},"author":1,"featured_media":0,"parent":0,"menu_order":0,"comment_status":"closed","ping_status":"closed","template":"","meta":[],"_links":{"self":[{"href":"https:\/\/bibliolennoxvillelibrary.ca\/fr\/wp-json\/wp\/v2\/pages\/9224"}],"collection":[{"href":"https:\/\/bibliolennoxvillelibrary.ca\/fr\/wp-json\/wp\/v2\/pages"}],"about":[{"href":"https:\/\/bibliolennoxvillelibrary.ca\/fr\/wp-json\/wp\/v2\/types\/page"}],"author":[{"embeddable":true,"href":"https:\/\/bibliolennoxvillelibrary.ca\/fr\/wp-json\/wp\/v2\/users\/1"}],"replies":[{"embeddable":true,"href":"https:\/\/bibliolennoxvillelibrary.ca\/fr\/wp-json\/wp\/v2\/comments?post=9224"}],"version-history":[{"count":3,"href":"https:\/\/bibliolennoxvillelibrary.ca\/fr\/wp-json\/wp\/v2\/pages\/9224\/revisions"}],"predecessor-version":[{"id":9227,"href":"https:\/\/bibliolennoxvillelibrary.ca\/fr\/wp-json\/wp\/v2\/pages\/9224\/revisions\/9227"}],"wp:attachment":[{"href":"https:\/\/bibliolennoxvillelibrary.ca\/fr\/wp-json\/wp\/v2\/media?parent=9224"}],"curies":[{"name":"wp","href":"https:\/\/api.w.org\/{rel}","templated":true}]}}